{"id":573115,"date":"2026-03-17T09:52:48","date_gmt":"2026-03-17T08:52:48","guid":{"rendered":"https:\/\/loveforever.se\/?post_type=product&#038;p=573115"},"modified":"2026-05-06T10:02:25","modified_gmt":"2026-05-06T08:02:25","slug":"sporty-spetstopp-med-stretch","status":"publish","type":"product","link":"https:\/\/loveforever.se\/no\/produkt\/sporty-spetstopp-med-stretch\/","title":{"rendered":"Sporty Spetstopp &#8211; med stretch"},"content":{"rendered":"","protected":false},"excerpt":{"rendered":"<p>Supersnygg t-shirt i stretchig spets som kombinerar en feminin k\u00e4nsla med en sportig och cool look. Det mjuka och f\u00f6ljsamma materialet ger en smickrande passform som sitter bekv\u00e4mt hela dagen.<\/p>\n<p>Den trendiga texten \u201cLos Angeles 1983, California\u201d p\u00e5 br\u00f6stet ger en avslappnad streetstyle-vibe med retrok\u00e4nsla. Perfekt att b\u00e4ra till jeans, kjol eller shorts f\u00f6r en modern och enkel outfit.<\/p>\n<p>Finns i flera fina f\u00e4rger som rosa, turkos, gul och ljusbl\u00e5 \u2013 perfekta nyanser som lyfter din look.<\/p>\n<p>One size som passar ca XS\u2013L, upp till ett bystm\u00e5tt p\u00e5 110 cm.<\/p>","protected":false},"featured_media":573116,"comment_status":"open","ping_status":"closed","template":"","meta":{"_acf_changed":false},"product_brand":[],"product_cat":[1147,1159,1208],"product_tag":[],"class_list":{"0":"post-573115","1":"product","2":"type-product","3":"status-publish","4":"has-post-thumbnail","6":"product_cat-toppar-blusar","7":"product_cat-nyheter","8":"product_cat-shoppafranlive","10":"first","11":"instock","12":"taxable","13":"shipping-taxable","14":"purchasable","15":"product-type-variable"},"acf":[],"gallery_images":[573110,573109,573114,573113,573112,573106,573107,573108],"_links":{"self":[{"href":"https:\/\/loveforever.se\/no\/wp-json\/wp\/v2\/product\/573115","targetHints":{"allow":["GET"]}}],"collection":[{"href":"https:\/\/loveforever.se\/no\/wp-json\/wp\/v2\/product"}],"about":[{"href":"https:\/\/loveforever.se\/no\/wp-json\/wp\/v2\/types\/product"}],"replies":[{"embeddable":true,"href":"https:\/\/loveforever.se\/no\/wp-json\/wp\/v2\/comments?post=573115"}],"wp:featuredmedia":[{"embeddable":true,"href":"https:\/\/loveforever.se\/no\/wp-json\/wp\/v2\/media\/573116"}],"wp:attachment":[{"href":"https:\/\/loveforever.se\/no\/wp-json\/wp\/v2\/media?parent=573115"}],"wp:term":[{"taxonomy":"product_brand","embeddable":true,"href":"https:\/\/loveforever.se\/no\/wp-json\/wp\/v2\/product_brand?post=573115"},{"taxonomy":"product_cat","embeddable":true,"href":"https:\/\/loveforever.se\/no\/wp-json\/wp\/v2\/product_cat?post=573115"},{"taxonomy":"product_tag","embeddable":true,"href":"https:\/\/loveforever.se\/no\/wp-json\/wp\/v2\/product_tag?post=573115"}],"curies":[{"name":"wp","href":"https:\/\/api.w.org\/{rel}","templated":true}]}}