{"id":573125,"date":"2026-03-17T10:12:46","date_gmt":"2026-03-17T09:12:46","guid":{"rendered":"https:\/\/loveforever.se\/?post_type=product&#038;p=573125"},"modified":"2026-04-28T07:24:21","modified_gmt":"2026-04-28T05:24:21","slug":"toxik-jeansshorts-med-virkade-detaljer","status":"publish","type":"product","link":"https:\/\/loveforever.se\/no\/produkt\/toxik-jeansshorts-med-virkade-detaljer\/","title":{"rendered":"Toxik Jeansshorts med heklede detaljer"},"content":{"rendered":"","protected":false},"excerpt":{"rendered":"<p>Superfine denimshorts med r\u00f8ff kant nederst og s\u00f8te heklede lapper som gir en unik boho luxe-f\u00f8lelse. Den litt videre passformen i bena skaper en avslappet og flatterende silhuett \u2013 perfekt for varme dager.<\/p>\n<p>Laget av 100 % bomull uten stretch, noe som gir en mer klassisk denimf\u00f8lelse og et flott fall. Kombiner med en bluse, en topp eller en strikket topp for et sommerlig og trendy antrekk.<\/p>\n<p>\ud83d\udca1 For best passform: m\u00e5l deg rundt midjen og sammenlign med m\u00e5lene nedenfor.<\/p>\n<p>Midjem\u00e5l p\u00e5 shortsen (det er ingen stretch i disse men den t\u00f8yer seg alltid litt, men husk at hvis din egen midje er 72 cm, s\u00e5 tar du M):<br \/>\nXS = 68 cm<br \/>\nS = 72cm<br \/>\nM = 76 cm<br \/>\nL = 80 cm<br \/>\nXL= 84 cm<\/p>","protected":false},"featured_media":573123,"comment_status":"open","ping_status":"closed","template":"","meta":{"_acf_changed":false},"product_brand":[],"product_cat":[1145,1220,1146,1159],"product_tag":[],"class_list":{"0":"post-573125","1":"product","2":"type-product","3":"status-publish","4":"has-post-thumbnail","6":"product_cat-denim","7":"product_cat-jeansshorts-dam","8":"product_cat-nederdelar","9":"product_cat-nyheter","11":"first","12":"instock","13":"taxable","14":"shipping-taxable","15":"purchasable","16":"product-type-variable"},"acf":[],"gallery_images":[573110,573124,573122,573113,573132,573134],"_links":{"self":[{"href":"https:\/\/loveforever.se\/no\/wp-json\/wp\/v2\/product\/573125","targetHints":{"allow":["GET"]}}],"collection":[{"href":"https:\/\/loveforever.se\/no\/wp-json\/wp\/v2\/product"}],"about":[{"href":"https:\/\/loveforever.se\/no\/wp-json\/wp\/v2\/types\/product"}],"replies":[{"embeddable":true,"href":"https:\/\/loveforever.se\/no\/wp-json\/wp\/v2\/comments?post=573125"}],"wp:featuredmedia":[{"embeddable":true,"href":"https:\/\/loveforever.se\/no\/wp-json\/wp\/v2\/media\/573123"}],"wp:attachment":[{"href":"https:\/\/loveforever.se\/no\/wp-json\/wp\/v2\/media?parent=573125"}],"wp:term":[{"taxonomy":"product_brand","embeddable":true,"href":"https:\/\/loveforever.se\/no\/wp-json\/wp\/v2\/product_brand?post=573125"},{"taxonomy":"product_cat","embeddable":true,"href":"https:\/\/loveforever.se\/no\/wp-json\/wp\/v2\/product_cat?post=573125"},{"taxonomy":"product_tag","embeddable":true,"href":"https:\/\/loveforever.se\/no\/wp-json\/wp\/v2\/product_tag?post=573125"}],"curies":[{"name":"wp","href":"https:\/\/api.w.org\/{rel}","templated":true}]}}