{"id":573182,"date":"2026-03-18T16:12:05","date_gmt":"2026-03-18T15:12:05","guid":{"rendered":"https:\/\/loveforever.se\/?post_type=product&#038;p=573182"},"modified":"2026-04-25T11:43:40","modified_gmt":"2026-04-25T09:43:40","slug":"star-jeanskjol-med-nitar-stretchig","status":"publish","type":"product","link":"https:\/\/loveforever.se\/no\/produkt\/star-jeanskjol-med-nitar-stretchig\/","title":{"rendered":"Star Jeanskjol med nitar &#8211; stretchig!"},"content":{"rendered":"","protected":false},"excerpt":{"rendered":"<p>Superfin jeanskjol med mycket stretch som ger en perfekt kombination av komfort och passform. Kjolen har coola detaljer som verkligen sticker ut \u2013 stj\u00e4rnor i silver p\u00e5 bakfickorna och dekorativa nitar som ger en edgy och trendig look. Den r\u00e5a kanten nedtill f\u00f6rst\u00e4rker k\u00e4nslan av modern denim med attityd.<\/p>\n<p>Matcha med boots f\u00f6r en tuff stil, sneakers f\u00f6r en avslappnad look eller sandaler under varmare dagar. Lika snygg med linne, t-shirt eller en feminin blus.<\/p>\n<p>Normal i storlek. Modellen b\u00e4r storlek XS.<\/p>","protected":false},"featured_media":573181,"comment_status":"open","ping_status":"closed","template":"","meta":{"_acf_changed":false},"product_brand":[],"product_cat":[1145,1221,1146,1159],"product_tag":[],"class_list":{"0":"post-573182","1":"product","2":"type-product","3":"status-publish","4":"has-post-thumbnail","6":"product_cat-denim","7":"product_cat-jeanskjolar","8":"product_cat-nederdelar","9":"product_cat-nyheter","11":"first","12":"instock","13":"taxable","14":"shipping-taxable","15":"purchasable","16":"product-type-variable"},"acf":[],"gallery_images":[573179,573181],"_links":{"self":[{"href":"https:\/\/loveforever.se\/no\/wp-json\/wp\/v2\/product\/573182","targetHints":{"allow":["GET"]}}],"collection":[{"href":"https:\/\/loveforever.se\/no\/wp-json\/wp\/v2\/product"}],"about":[{"href":"https:\/\/loveforever.se\/no\/wp-json\/wp\/v2\/types\/product"}],"replies":[{"embeddable":true,"href":"https:\/\/loveforever.se\/no\/wp-json\/wp\/v2\/comments?post=573182"}],"wp:featuredmedia":[{"embeddable":true,"href":"https:\/\/loveforever.se\/no\/wp-json\/wp\/v2\/media\/573181"}],"wp:attachment":[{"href":"https:\/\/loveforever.se\/no\/wp-json\/wp\/v2\/media?parent=573182"}],"wp:term":[{"taxonomy":"product_brand","embeddable":true,"href":"https:\/\/loveforever.se\/no\/wp-json\/wp\/v2\/product_brand?post=573182"},{"taxonomy":"product_cat","embeddable":true,"href":"https:\/\/loveforever.se\/no\/wp-json\/wp\/v2\/product_cat?post=573182"},{"taxonomy":"product_tag","embeddable":true,"href":"https:\/\/loveforever.se\/no\/wp-json\/wp\/v2\/product_tag?post=573182"}],"curies":[{"name":"wp","href":"https:\/\/api.w.org\/{rel}","templated":true}]}}