{"id":573204,"date":"2026-03-18T20:36:45","date_gmt":"2026-03-18T19:36:45","guid":{"rendered":"https:\/\/loveforever.se\/?post_type=product&#038;p=573204"},"modified":"2026-03-25T13:05:07","modified_gmt":"2026-03-25T12:05:07","slug":"bomberjacka-jeans","status":"publish","type":"product","link":"https:\/\/loveforever.se\/no\/produkt\/bomberjacka-jeans\/","title":{"rendered":"Bomberjacka Jeans"},"content":{"rendered":"","protected":false},"excerpt":{"rendered":"<p>Supercool bomberjacka i denim med en riktigt trendig och avslappnad look. Designad som en klassisk bomberjacka med dragkedja framtill, krage och elastisk mudd nedtill som ger den d\u00e4r perfekta mixen av sportigt och edgy.<\/p>\n<p>Jackan har en sk\u00f6n passform och \u00e4r normal i storlek. Tillverkad i ett mjukt och f\u00f6ljsamt material med l\u00e4tt stretch som g\u00f6r den bekv\u00e4m att b\u00e4ra hela dagen.<\/p>\n<p>Matcha med jeans f\u00f6r en hel denimlook, b\u00e4r \u00f6ver kl\u00e4nning f\u00f6r en feminin kontrast eller kombinera med kjol eller shorts f\u00f6r en mer avslappnad stil.<\/p>\n<p>Material: 92 % bomull, 4,5 % polyester, 5 % viskos, 0,5 % elastan<\/p>","protected":false},"featured_media":573209,"comment_status":"open","ping_status":"closed","template":"","meta":{"_acf_changed":false},"product_brand":[],"product_cat":[1145,1219,1160,1159],"product_tag":[],"class_list":{"0":"post-573204","1":"product","2":"type-product","3":"status-publish","4":"has-post-thumbnail","6":"product_cat-denim","7":"product_cat-jeansjacka-dam","8":"product_cat-jackor-vastar","9":"product_cat-nyheter","11":"first","12":"instock","13":"taxable","14":"shipping-taxable","15":"purchasable","16":"product-type-variable"},"acf":[],"gallery_images":[573211,573210],"_links":{"self":[{"href":"https:\/\/loveforever.se\/no\/wp-json\/wp\/v2\/product\/573204","targetHints":{"allow":["GET"]}}],"collection":[{"href":"https:\/\/loveforever.se\/no\/wp-json\/wp\/v2\/product"}],"about":[{"href":"https:\/\/loveforever.se\/no\/wp-json\/wp\/v2\/types\/product"}],"replies":[{"embeddable":true,"href":"https:\/\/loveforever.se\/no\/wp-json\/wp\/v2\/comments?post=573204"}],"wp:featuredmedia":[{"embeddable":true,"href":"https:\/\/loveforever.se\/no\/wp-json\/wp\/v2\/media\/573209"}],"wp:attachment":[{"href":"https:\/\/loveforever.se\/no\/wp-json\/wp\/v2\/media?parent=573204"}],"wp:term":[{"taxonomy":"product_brand","embeddable":true,"href":"https:\/\/loveforever.se\/no\/wp-json\/wp\/v2\/product_brand?post=573204"},{"taxonomy":"product_cat","embeddable":true,"href":"https:\/\/loveforever.se\/no\/wp-json\/wp\/v2\/product_cat?post=573204"},{"taxonomy":"product_tag","embeddable":true,"href":"https:\/\/loveforever.se\/no\/wp-json\/wp\/v2\/product_tag?post=573204"}],"curies":[{"name":"wp","href":"https:\/\/api.w.org\/{rel}","templated":true}]}}