{"id":573412,"date":"2026-03-24T22:12:11","date_gmt":"2026-03-24T21:12:11","guid":{"rendered":"https:\/\/loveforever.se\/?post_type=product&#038;p=573412"},"modified":"2026-05-01T21:58:17","modified_gmt":"2026-05-01T19:58:17","slug":"miss-t-jeansklanning-rosa-sand","status":"publish","type":"product","link":"https:\/\/loveforever.se\/no\/produkt\/miss-t-jeansklanning-rosa-sand\/","title":{"rendered":"Miss T Jeanskjole \u2013 Rosa, Sand"},"content":{"rendered":"","protected":false},"excerpt":{"rendered":"<p>Superfin kort kl\u00e4nning i mjukt jeanstyg med en h\u00e4rlig 60\u201370-talsinspirerad look. Designad med br\u00f6stficka och tv\u00e5 fickor framtill som ger b\u00e5de stil och funktion. Den korta l\u00e4ngden skapar en snygg och modern silhuett som \u00e4r lika perfekt till vardag som till festligare tillf\u00e4llen.<\/p>\n<p>Matcha med boots f\u00f6r en cool retrovibe eller sneakers f\u00f6r en mer avslappnad look. Ett m\u00e5ngsidigt plagg som snabbt blir en favorit i garderoben.<\/p>\n<p>Normal i storlek. 100% bomull.<\/p>","protected":false},"featured_media":573408,"comment_status":"open","ping_status":"closed","template":"","meta":{"_acf_changed":false},"product_brand":[],"product_cat":[1145,1261,1151,1138,1156,1159],"product_tag":[],"class_list":{"0":"post-573412","1":"product","2":"type-product","3":"status-publish","4":"has-post-thumbnail","6":"product_cat-denim","7":"product_cat-jeansklanningar","8":"product_cat-klanningar-dam","9":"product_cat-klanningar-tunikor","10":"product_cat-korta","11":"product_cat-nyheter","13":"first","14":"instock","15":"taxable","16":"shipping-taxable","17":"purchasable","18":"product-type-variable"},"acf":[],"gallery_images":[573409,573410,573411],"_links":{"self":[{"href":"https:\/\/loveforever.se\/no\/wp-json\/wp\/v2\/product\/573412","targetHints":{"allow":["GET"]}}],"collection":[{"href":"https:\/\/loveforever.se\/no\/wp-json\/wp\/v2\/product"}],"about":[{"href":"https:\/\/loveforever.se\/no\/wp-json\/wp\/v2\/types\/product"}],"replies":[{"embeddable":true,"href":"https:\/\/loveforever.se\/no\/wp-json\/wp\/v2\/comments?post=573412"}],"wp:featuredmedia":[{"embeddable":true,"href":"https:\/\/loveforever.se\/no\/wp-json\/wp\/v2\/media\/573408"}],"wp:attachment":[{"href":"https:\/\/loveforever.se\/no\/wp-json\/wp\/v2\/media?parent=573412"}],"wp:term":[{"taxonomy":"product_brand","embeddable":true,"href":"https:\/\/loveforever.se\/no\/wp-json\/wp\/v2\/product_brand?post=573412"},{"taxonomy":"product_cat","embeddable":true,"href":"https:\/\/loveforever.se\/no\/wp-json\/wp\/v2\/product_cat?post=573412"},{"taxonomy":"product_tag","embeddable":true,"href":"https:\/\/loveforever.se\/no\/wp-json\/wp\/v2\/product_tag?post=573412"}],"curies":[{"name":"wp","href":"https:\/\/api.w.org\/{rel}","templated":true}]}}