{"id":573419,"date":"2026-03-24T22:30:29","date_gmt":"2026-03-24T21:30:29","guid":{"rendered":"https:\/\/loveforever.se\/?post_type=product&#038;p=573419"},"modified":"2026-04-13T12:18:43","modified_gmt":"2026-04-13T10:18:43","slug":"lollie-jeansklanning-rosa","status":"publish","type":"product","link":"https:\/\/loveforever.se\/no\/produkt\/lollie-jeansklanning-rosa\/","title":{"rendered":"Lollie Jeanskjole Rosa"},"content":{"rendered":"","protected":false},"excerpt":{"rendered":"<p>Superfin kort kl\u00e4nning i en h\u00e4rlig rosa nyans som ger en feminin och fr\u00e4sch look. Den n\u00e5got mer figursydda passformen framh\u00e4ver silhuetten p\u00e5 ett smickrande s\u00e4tt, samtidigt som den beh\u00e5ller en bekv\u00e4m k\u00e4nsla. Den stilrena designen utan fickor ger ett mer dressat och elegant uttryck.<\/p>\n<p>Perfekt att b\u00e4ra med boots f\u00f6r en tuff kontrast eller sneakers f\u00f6r en mer avslappnad vardagsstil. En riktig favorit som funkar lika bra till vardag som till fest.<\/p>\n<p>Normal i storlek.<\/p>","protected":false},"featured_media":573425,"comment_status":"open","ping_status":"closed","template":"","meta":{"_acf_changed":false},"product_brand":[],"product_cat":[1145,1261,1151,1138,1156,1159],"product_tag":[],"class_list":{"0":"post-573419","1":"product","2":"type-product","3":"status-publish","4":"has-post-thumbnail","6":"product_cat-denim","7":"product_cat-jeansklanningar","8":"product_cat-klanningar-dam","9":"product_cat-klanningar-tunikor","10":"product_cat-korta","11":"product_cat-nyheter","13":"first","14":"instock","15":"taxable","16":"shipping-taxable","17":"purchasable","18":"product-type-variable"},"acf":[],"gallery_images":[573423,573424],"_links":{"self":[{"href":"https:\/\/loveforever.se\/no\/wp-json\/wp\/v2\/product\/573419","targetHints":{"allow":["GET"]}}],"collection":[{"href":"https:\/\/loveforever.se\/no\/wp-json\/wp\/v2\/product"}],"about":[{"href":"https:\/\/loveforever.se\/no\/wp-json\/wp\/v2\/types\/product"}],"replies":[{"embeddable":true,"href":"https:\/\/loveforever.se\/no\/wp-json\/wp\/v2\/comments?post=573419"}],"wp:featuredmedia":[{"embeddable":true,"href":"https:\/\/loveforever.se\/no\/wp-json\/wp\/v2\/media\/573425"}],"wp:attachment":[{"href":"https:\/\/loveforever.se\/no\/wp-json\/wp\/v2\/media?parent=573419"}],"wp:term":[{"taxonomy":"product_brand","embeddable":true,"href":"https:\/\/loveforever.se\/no\/wp-json\/wp\/v2\/product_brand?post=573419"},{"taxonomy":"product_cat","embeddable":true,"href":"https:\/\/loveforever.se\/no\/wp-json\/wp\/v2\/product_cat?post=573419"},{"taxonomy":"product_tag","embeddable":true,"href":"https:\/\/loveforever.se\/no\/wp-json\/wp\/v2\/product_tag?post=573419"}],"curies":[{"name":"wp","href":"https:\/\/api.w.org\/{rel}","templated":true}]}}