{"id":573484,"date":"2026-03-27T00:12:36","date_gmt":"2026-03-26T23:12:36","guid":{"rendered":"https:\/\/loveforever.se\/?post_type=product&#038;p=573484"},"modified":"2026-05-06T16:32:54","modified_gmt":"2026-05-06T14:32:54","slug":"bohemsk-vid-byxkjol-i-multi-rosa-bla-puder-alle-er-unike","status":"publish","type":"product","link":"https:\/\/loveforever.se\/no\/produkt\/bohemisk-vid-byxkjol-i-multi-rosa-bla-puder-alla-ar-unika\/","title":{"rendered":"Bohemsk vid byxkjol i multi, rosa, bl\u00e5, puder \u2013 alla \u00e4r UNIKA!!!!"},"content":{"rendered":"","protected":false},"excerpt":{"rendered":"<p>Magisk fin bukskj\u00f8rt med fantastisk vidde som gir f\u00f8lelsen av et skj\u00f8rt \u2013 et skikkelig statementplagg med et vakkert, f\u00f8lbar fall. Det brede strikket i midjen gj\u00f8r den b\u00e5de behagelig og smigrende, samtidig som passformen tilpasser seg kroppen.<\/p>\n<p>Hver skj\u00f8rtbukse er helt unik og laget av gjenbrukte vintage-sarier i India av lokale h\u00e5ndverkere. Det betyr at hvert plagg har sin egen fargekombinasjon, sitt eget m\u00f8nster og sin egen historie \u2013 ingen er som den andre.<\/p>\n<p>N\u00e5r du velger Mix, kan alle mulige farger forekomme, inspirert av plaggene du ser p\u00e5 bildene \u2013 men du vil ikke f\u00e5 n\u00f8yaktig de samme. Velger du Pink, Blue eller Powder, f\u00e5r du en unik skj\u00f8rtbukse innenfor den fargeskalaen:<\/p>\n<p>Rosa \u2013 ulike nyanser av rosa<\/p>\n<p>Bl\u00e5tt \u2013 ulike nyanser av bl\u00e5tt<\/p>\n<p>Pulver \u2013 myke, pudderaktige toner<\/p>\n<p>Du kan gjerne komme med \u00f8nsker ang\u00e5ende fargetone \u2013 vi pr\u00f8ver \u00e5 matche s\u00e5 godt som mulig, men hvert plagg er unikt.<\/p>\n<p>\u00c9n st\u00f8rrelse \u2013 passer XS\u2013XL.<\/p>\n<p>Levering skjer i midten av mai, s\u00e5 velg Klarna faktura, s\u00e5 faktureres du f\u00f8rst n\u00e5r vi sender din bestilling. <\/p>","protected":false},"featured_media":573529,"comment_status":"open","ping_status":"closed","template":"","meta":{"_acf_changed":false},"product_brand":[],"product_cat":[1146,1159],"product_tag":[],"class_list":{"0":"post-573484","1":"product","2":"type-product","3":"status-publish","4":"has-post-thumbnail","6":"product_cat-nederdelar","7":"product_cat-nyheter","9":"first","10":"instock","11":"taxable","12":"shipping-taxable","13":"purchasable","14":"product-type-variable"},"acf":[],"gallery_images":[573527,573530,573531,573532,573528],"_links":{"self":[{"href":"https:\/\/loveforever.se\/no\/wp-json\/wp\/v2\/product\/573484","targetHints":{"allow":["GET"]}}],"collection":[{"href":"https:\/\/loveforever.se\/no\/wp-json\/wp\/v2\/product"}],"about":[{"href":"https:\/\/loveforever.se\/no\/wp-json\/wp\/v2\/types\/product"}],"replies":[{"embeddable":true,"href":"https:\/\/loveforever.se\/no\/wp-json\/wp\/v2\/comments?post=573484"}],"wp:featuredmedia":[{"embeddable":true,"href":"https:\/\/loveforever.se\/no\/wp-json\/wp\/v2\/media\/573529"}],"wp:attachment":[{"href":"https:\/\/loveforever.se\/no\/wp-json\/wp\/v2\/media?parent=573484"}],"wp:term":[{"taxonomy":"product_brand","embeddable":true,"href":"https:\/\/loveforever.se\/no\/wp-json\/wp\/v2\/product_brand?post=573484"},{"taxonomy":"product_cat","embeddable":true,"href":"https:\/\/loveforever.se\/no\/wp-json\/wp\/v2\/product_cat?post=573484"},{"taxonomy":"product_tag","embeddable":true,"href":"https:\/\/loveforever.se\/no\/wp-json\/wp\/v2\/product_tag?post=573484"}],"curies":[{"name":"wp","href":"https:\/\/api.w.org\/{rel}","templated":true}]}}