{"id":573756,"date":"2026-03-30T15:08:34","date_gmt":"2026-03-30T13:08:34","guid":{"rendered":"https:\/\/loveforever.se\/?post_type=product&#038;p=573756"},"modified":"2026-05-05T22:47:16","modified_gmt":"2026-05-05T20:47:16","slug":"starlet-bohemisk-klanning-bla-top","status":"publish","type":"product","link":"https:\/\/loveforever.se\/no\/produkt\/starlet-bohemisk-klanning-bla-top\/","title":{"rendered":"Starlet Bohemsk Kjole Bl\u00e5 Topp"},"content":{"rendered":"","protected":false},"excerpt":{"rendered":"<p>En underbart fin kl\u00e4nning med fantastisk, smickrande passform och en feminin siluett som framh\u00e4ver kroppen p\u00e5 ett mjukt och elegant s\u00e4tt. Res\u00e5ren under bysten markerar formen och skapar en f\u00f6ljsam passform som passar alla kroppstyper och ger en vacker, avslappnad bohemisk look.<\/p>\n<p>Den m\u00f6rkbl\u00e5 bottenf\u00e4rgen med det fina blomprintet g\u00e5r helt i sann Love Forever-anda och g\u00f6r kl\u00e4nningen till ett sj\u00e4lvklart statementplagg i garderoben. Det mjuka tyget med vintage silk-k\u00e4nsla faller vackert och k\u00e4nns svalt och behagligt mot huden, perfekt f\u00f6r b\u00e5de varma dagar och lager-p\u00e5-lager under svalare s\u00e4song.<\/p>\n<p>Lika fin till vardags med sneakers eller sandaler som till fest med boots eller klackar. En m\u00e5ngsidig favorit du kommer b\u00e4ra om och om igen.<\/p>\n<p>Detaljer:<br \/>\n\u2022 Res\u00e5r under byst f\u00f6r smickrande passform<br \/>\n\u2022 Feminint, f\u00f6ljsamt fall<br \/>\n\u2022 Mjuk vintage silk-k\u00e4nsla<br \/>\n\u2022 Vackra f\u00e4rger i bohemisk stil<br \/>\n\u2022 Passar b\u00e5de vardag och fest<br \/>\n\u2022 L\u00e4tt och bekv\u00e4m kvalitet<\/p>\n<p>M\u00e5tt (t\u00e4nk p\u00e5 att det alltid kan skilja upp till 1,5cm)<br \/>\nS-M, l\u00e4ngd 143cm, n\u00e4r res\u00e5ren \u00e4r utdragen under 53-54cm<br \/>\nL-XL, l\u00e4ngd 145cm, n\u00e4r res\u00e5ren \u00e4r utdragen under 57-58cm<\/p>","protected":false},"featured_media":575735,"comment_status":"open","ping_status":"closed","template":"","meta":{"_acf_changed":false},"product_brand":[],"product_cat":[1151,1138,1154,1226,1152],"product_tag":[],"class_list":{"0":"post-573756","1":"product","2":"type-product","3":"status-publish","4":"has-post-thumbnail","6":"product_cat-klanningar-dam","7":"product_cat-klanningar-tunikor","8":"product_cat-langa","9":"product_cat-maxiklanningar","10":"product_cat-monstrade","12":"first","13":"instock","14":"taxable","15":"shipping-taxable","16":"purchasable","17":"product-type-variable"},"acf":[],"gallery_images":[573750],"_links":{"self":[{"href":"https:\/\/loveforever.se\/no\/wp-json\/wp\/v2\/product\/573756","targetHints":{"allow":["GET"]}}],"collection":[{"href":"https:\/\/loveforever.se\/no\/wp-json\/wp\/v2\/product"}],"about":[{"href":"https:\/\/loveforever.se\/no\/wp-json\/wp\/v2\/types\/product"}],"replies":[{"embeddable":true,"href":"https:\/\/loveforever.se\/no\/wp-json\/wp\/v2\/comments?post=573756"}],"wp:featuredmedia":[{"embeddable":true,"href":"https:\/\/loveforever.se\/no\/wp-json\/wp\/v2\/media\/575735"}],"wp:attachment":[{"href":"https:\/\/loveforever.se\/no\/wp-json\/wp\/v2\/media?parent=573756"}],"wp:term":[{"taxonomy":"product_brand","embeddable":true,"href":"https:\/\/loveforever.se\/no\/wp-json\/wp\/v2\/product_brand?post=573756"},{"taxonomy":"product_cat","embeddable":true,"href":"https:\/\/loveforever.se\/no\/wp-json\/wp\/v2\/product_cat?post=573756"},{"taxonomy":"product_tag","embeddable":true,"href":"https:\/\/loveforever.se\/no\/wp-json\/wp\/v2\/product_tag?post=573756"}],"curies":[{"name":"wp","href":"https:\/\/api.w.org\/{rel}","templated":true}]}}