{"id":573900,"date":"2026-04-01T23:21:35","date_gmt":"2026-04-01T21:21:35","guid":{"rendered":"https:\/\/loveforever.se\/?post_type=product&#038;p=573900"},"modified":"2026-04-11T14:26:45","modified_gmt":"2026-04-11T12:26:45","slug":"swarovski-loop-earrings-orange-rosa-bla","status":"publish","type":"product","link":"https:\/\/loveforever.se\/no\/produkt\/swarovski-loop-earrings-orange-rosa-bla\/","title":{"rendered":"Swarovski Loop Earrings &#8211; orange, rosa, bl\u00e5"},"content":{"rendered":"","protected":false},"excerpt":{"rendered":"<p>Uppt\u00e4ck v\u00e5ra trendiga loop earrings med Swarovskistenar i magiska nyanser av rosa, orange och bl\u00e5tt \u2013 \u00f6rh\u00e4ngen som verkligen lyfter din look.<\/p>\n<p>De gnistrande stenarna f\u00e5ngar ljuset p\u00e5 ett s\u00e4tt som ger b\u00e5de lyx och attityd, samtidigt som f\u00e4rgerna skapar en lekfull och modern k\u00e4nsla. Den coola storleken g\u00f6r dem till ett perfekt statement-smycke utan att k\u00e4nnas \u00f6verdrivna.<\/p>\n<p>Trots sin storlek \u00e4r de otroligt l\u00e4tta att b\u00e4ra, vilket g\u00f6r dem perfekta fr\u00e5n morgon till kv\u00e4ll \u2013 oavsett om du stylar med jeans och t-shirt eller en flowy kl\u00e4nning i boho-stil.<\/p>\n<p>Ett m\u00e5ste f\u00f6r dig som vill ha det lilla extra med minimal effort \ud83c\udf38<\/p>","protected":false},"featured_media":573897,"comment_status":"open","ping_status":"closed","template":"","meta":{"_acf_changed":false},"product_brand":[],"product_cat":[1133,1192],"product_tag":[],"class_list":{"0":"post-573900","1":"product","2":"type-product","3":"status-publish","4":"has-post-thumbnail","6":"product_cat-accessoarer","7":"product_cat-caroline-svedbom","9":"first","10":"instock","11":"taxable","12":"shipping-taxable","13":"purchasable","14":"product-type-variable"},"acf":[],"gallery_images":[573899,573904,573898],"_links":{"self":[{"href":"https:\/\/loveforever.se\/no\/wp-json\/wp\/v2\/product\/573900","targetHints":{"allow":["GET"]}}],"collection":[{"href":"https:\/\/loveforever.se\/no\/wp-json\/wp\/v2\/product"}],"about":[{"href":"https:\/\/loveforever.se\/no\/wp-json\/wp\/v2\/types\/product"}],"replies":[{"embeddable":true,"href":"https:\/\/loveforever.se\/no\/wp-json\/wp\/v2\/comments?post=573900"}],"wp:featuredmedia":[{"embeddable":true,"href":"https:\/\/loveforever.se\/no\/wp-json\/wp\/v2\/media\/573897"}],"wp:attachment":[{"href":"https:\/\/loveforever.se\/no\/wp-json\/wp\/v2\/media?parent=573900"}],"wp:term":[{"taxonomy":"product_brand","embeddable":true,"href":"https:\/\/loveforever.se\/no\/wp-json\/wp\/v2\/product_brand?post=573900"},{"taxonomy":"product_cat","embeddable":true,"href":"https:\/\/loveforever.se\/no\/wp-json\/wp\/v2\/product_cat?post=573900"},{"taxonomy":"product_tag","embeddable":true,"href":"https:\/\/loveforever.se\/no\/wp-json\/wp\/v2\/product_tag?post=573900"}],"curies":[{"name":"wp","href":"https:\/\/api.w.org\/{rel}","templated":true}]}}