{"id":573984,"date":"2026-04-03T11:38:20","date_gmt":"2026-04-03T09:38:20","guid":{"rendered":"https:\/\/loveforever.se\/?post_type=product&#038;p=573984"},"modified":"2026-05-03T07:27:30","modified_gmt":"2026-05-03T05:27:30","slug":"beckie-bohemsk-kjole-turkis-og-rosa","status":"publish","type":"product","link":"https:\/\/loveforever.se\/no\/produkt\/beckie-bohemisk-klanning-turkos-o-rosa\/","title":{"rendered":"Beckie Bohemsk Kjole Turkis og Rosa"},"content":{"rendered":"","protected":false},"excerpt":{"rendered":"<p>En helt underbar kl\u00e4nning i magiska f\u00e4rger av rosa og turkis \u2013 et skikkelig dr\u00f8mmeplagg i luksuri\u00f8s boho-stil \ud83c\udf38<\/p>\n<p>Det trendy bandana-printet sammen med det eksklusive broderiet i stoffet gir kjolen et unikt og eksklusivt uttrykk. Den smigrende passformen med strikk under bysten fremhever figuren p\u00e5 en fin og avslappet m\u00e5te.<\/p>\n<p>Kjolen er laget i en luftig bomull-lin-blanding som f\u00f8les sval og behagelig \u2013 perfekt for b\u00e5de varme sommerdager og feriekvelder.<\/p>\n<p>Og ja\u2026 den har lommer i sidene \ud83d\ude4c<\/p>\n<p>Et plagg du bare slenger p\u00e5 deg og f\u00f8ler deg b\u00e5de komfortabel og fantastisk i \u2013 styles med sneakers, sandaler eller boots avhengig av hum\u00f8ret \u2728<\/p>\n<p>\u00c9n st\u00f8rrelse \u2013 passer S\u2013XL<\/p>","protected":false},"featured_media":574842,"comment_status":"open","ping_status":"closed","template":"","meta":{"_acf_changed":false},"product_brand":[],"product_cat":[1155,1151,1138,1226,1152,1159],"product_tag":[],"class_list":{"0":"post-573984","1":"product","2":"type-product","3":"status-publish","4":"has-post-thumbnail","6":"product_cat-bohemiska","7":"product_cat-klanningar-dam","8":"product_cat-klanningar-tunikor","9":"product_cat-maxiklanningar","10":"product_cat-monstrade","11":"product_cat-nyheter","13":"first","14":"instock","15":"taxable","16":"shipping-taxable","17":"purchasable","18":"product-type-variable"},"acf":[],"gallery_images":[573974,574309,574308,574307,574306],"_links":{"self":[{"href":"https:\/\/loveforever.se\/no\/wp-json\/wp\/v2\/product\/573984","targetHints":{"allow":["GET"]}}],"collection":[{"href":"https:\/\/loveforever.se\/no\/wp-json\/wp\/v2\/product"}],"about":[{"href":"https:\/\/loveforever.se\/no\/wp-json\/wp\/v2\/types\/product"}],"replies":[{"embeddable":true,"href":"https:\/\/loveforever.se\/no\/wp-json\/wp\/v2\/comments?post=573984"}],"wp:featuredmedia":[{"embeddable":true,"href":"https:\/\/loveforever.se\/no\/wp-json\/wp\/v2\/media\/574842"}],"wp:attachment":[{"href":"https:\/\/loveforever.se\/no\/wp-json\/wp\/v2\/media?parent=573984"}],"wp:term":[{"taxonomy":"product_brand","embeddable":true,"href":"https:\/\/loveforever.se\/no\/wp-json\/wp\/v2\/product_brand?post=573984"},{"taxonomy":"product_cat","embeddable":true,"href":"https:\/\/loveforever.se\/no\/wp-json\/wp\/v2\/product_cat?post=573984"},{"taxonomy":"product_tag","embeddable":true,"href":"https:\/\/loveforever.se\/no\/wp-json\/wp\/v2\/product_tag?post=573984"}],"curies":[{"name":"wp","href":"https:\/\/api.w.org\/{rel}","templated":true}]}}