{"id":574383,"date":"2026-04-13T15:45:54","date_gmt":"2026-04-13T13:45:54","guid":{"rendered":"https:\/\/loveforever.se\/?post_type=product&#038;p=574383"},"modified":"2026-05-07T19:56:30","modified_gmt":"2026-05-07T17:56:30","slug":"kim-volangblus-gul-i-100-bomull-fynda","status":"publish","type":"product","link":"https:\/\/loveforever.se\/no\/produkt\/kim-volangblus-gul-i-100-bomull-fynda\/","title":{"rendered":"Kim Volangblus Gul i 100% bomull &#8211; FYNDA"},"content":{"rendered":"","protected":false},"excerpt":{"rendered":"<p>H\u00e4rlig blus i 100% bomull i en underbar citrongul nyans \u2013 feminin, sval och helt r\u00e4tt f\u00f6r s\u00e4songen \ud83d\udc95<\/p>\n<p>De vackra volangerna framtill ger ett romantiskt uttryck medan de puffiga \u00e4rmarna med res\u00e5r skapar en mjuk och smickrande siluett. Blusen har ett fint knyte i halsen och kan \u00e4ven b\u00e4ras off shoulder f\u00f6r en mer avslappnad och bohemisk look \u2728<\/p>\n<p>Perfekt att styla med jeans, jeansshorts eller vita byxor \u2013 lika snygg till vardag som till sommarens alla tillf\u00e4llen \ud83c\udf38<\/p>\n<p>\ud83d\udc49 Normal i storlek<\/p>","protected":false},"featured_media":561852,"comment_status":"open","ping_status":"closed","template":"","meta":{"_acf_changed":false},"product_brand":[],"product_cat":[1181],"product_tag":[],"class_list":{"0":"post-574383","1":"product","2":"type-product","3":"status-publish","4":"has-post-thumbnail","6":"product_cat-fynda","8":"first","9":"instock","10":"sale","11":"taxable","12":"shipping-taxable","13":"purchasable","14":"product-type-variable"},"acf":[],"gallery_images":[561854,561855],"_links":{"self":[{"href":"https:\/\/loveforever.se\/no\/wp-json\/wp\/v2\/product\/574383","targetHints":{"allow":["GET"]}}],"collection":[{"href":"https:\/\/loveforever.se\/no\/wp-json\/wp\/v2\/product"}],"about":[{"href":"https:\/\/loveforever.se\/no\/wp-json\/wp\/v2\/types\/product"}],"replies":[{"embeddable":true,"href":"https:\/\/loveforever.se\/no\/wp-json\/wp\/v2\/comments?post=574383"}],"wp:featuredmedia":[{"embeddable":true,"href":"https:\/\/loveforever.se\/no\/wp-json\/wp\/v2\/media\/561852"}],"wp:attachment":[{"href":"https:\/\/loveforever.se\/no\/wp-json\/wp\/v2\/media?parent=574383"}],"wp:term":[{"taxonomy":"product_brand","embeddable":true,"href":"https:\/\/loveforever.se\/no\/wp-json\/wp\/v2\/product_brand?post=574383"},{"taxonomy":"product_cat","embeddable":true,"href":"https:\/\/loveforever.se\/no\/wp-json\/wp\/v2\/product_cat?post=574383"},{"taxonomy":"product_tag","embeddable":true,"href":"https:\/\/loveforever.se\/no\/wp-json\/wp\/v2\/product_tag?post=574383"}],"curies":[{"name":"wp","href":"https:\/\/api.w.org\/{rel}","templated":true}]}}