{"id":574390,"date":"2026-04-13T17:16:44","date_gmt":"2026-04-13T15:16:44","guid":{"rendered":"https:\/\/loveforever.se\/?post_type=product&#038;p=574390"},"modified":"2026-04-28T15:37:13","modified_gmt":"2026-04-28T13:37:13","slug":"beige-jeans-med-stretch-i-tonnesnitt","status":"publish","type":"product","link":"https:\/\/loveforever.se\/no\/produkt\/beige-barrel-jeans-med-stretch\/","title":{"rendered":"Beige Barrel Jeans med stretch"},"content":{"rendered":"","protected":false},"excerpt":{"rendered":"<p>Trendy barrel \/ ballongjeans i beige denim med mye stretch som gir b\u00e5de komfort og en moderne silhuett. Den avslappede passformen med ballongformede ben skaper en kul og tidsriktig look som er helt riktig i motebildet akkurat n\u00e5.<\/p>\n<p>Jeansen har stretch ogs\u00e5 i linningen, noe som gj\u00f8r dem ekstra komfortable og f\u00f8yelige. Den lyse jeanstv\u00e4tten gir en frisk f\u00f8lelse som passer perfekt \u00e5ret rundt. Brett gjerne opp bena nederst for en enda mer trendy styling og en mer avslappet look.<\/p>\n<p>Et par jeans som er like fine til hverdags som til mer pyntede antrekk. Kombiner med sneakers for en avslappet stil, boots for en kul f\u00f8lelse eller sandaler og h\u00e6ler n\u00e5r du vil pynte opp looken.<\/p>\n<p>Detaljer:<br \/>\n\u2022 Trendy t\u00f8nne\/ballongmodell<br \/>\n\u2022 Beige dongeri<br \/>\n\u2022 God stretch i stoffet<br \/>\n\u2022 Strekk ogs\u00e5 i midjen<br \/>\n\u2022 Kul passform med vidde i bena<br \/>\n\u2022 Stilig \u00e5 brette opp nederst<br \/>\n\u2022 Normal i st\u00f8rrelse<\/p>","protected":false},"featured_media":573223,"comment_status":"open","ping_status":"closed","template":"","meta":{"_acf_changed":false},"product_brand":[],"product_cat":[1225,1145,1146,1159,1166,1222],"product_tag":[],"class_list":{"0":"post-574390","1":"product","2":"type-product","3":"status-publish","4":"has-post-thumbnail","6":"product_cat-baggy-jeans","7":"product_cat-denim","8":"product_cat-nederdelar","9":"product_cat-nyheter","10":"product_cat-shop-the-look","11":"product_cat-stretch-jeans-dam","13":"first","14":"instock","15":"taxable","16":"shipping-taxable","17":"purchasable","18":"product-type-variable"},"acf":[],"gallery_images":[573226,573223],"_links":{"self":[{"href":"https:\/\/loveforever.se\/no\/wp-json\/wp\/v2\/product\/574390","targetHints":{"allow":["GET"]}}],"collection":[{"href":"https:\/\/loveforever.se\/no\/wp-json\/wp\/v2\/product"}],"about":[{"href":"https:\/\/loveforever.se\/no\/wp-json\/wp\/v2\/types\/product"}],"replies":[{"embeddable":true,"href":"https:\/\/loveforever.se\/no\/wp-json\/wp\/v2\/comments?post=574390"}],"wp:featuredmedia":[{"embeddable":true,"href":"https:\/\/loveforever.se\/no\/wp-json\/wp\/v2\/media\/573223"}],"wp:attachment":[{"href":"https:\/\/loveforever.se\/no\/wp-json\/wp\/v2\/media?parent=574390"}],"wp:term":[{"taxonomy":"product_brand","embeddable":true,"href":"https:\/\/loveforever.se\/no\/wp-json\/wp\/v2\/product_brand?post=574390"},{"taxonomy":"product_cat","embeddable":true,"href":"https:\/\/loveforever.se\/no\/wp-json\/wp\/v2\/product_cat?post=574390"},{"taxonomy":"product_tag","embeddable":true,"href":"https:\/\/loveforever.se\/no\/wp-json\/wp\/v2\/product_tag?post=574390"}],"curies":[{"name":"wp","href":"https:\/\/api.w.org\/{rel}","templated":true}]}}