{"id":574478,"date":"2026-04-15T01:01:42","date_gmt":"2026-04-14T23:01:42","guid":{"rendered":"https:\/\/loveforever.se\/?post_type=product&#038;p=574478"},"modified":"2026-05-05T12:45:51","modified_gmt":"2026-05-05T10:45:51","slug":"jossan-bomullstopp-rosa-vit-turkos-gul-svart","status":"publish","type":"product","link":"https:\/\/loveforever.se\/no\/produkt\/jossan-bomullstopp-rosa-vit-turkos-gul-svart\/","title":{"rendered":"Jossan Bomullstopp, rosa, vit, turkos, gul, svart"},"content":{"rendered":"","protected":false},"excerpt":{"rendered":"<p>Supers\u00f6t topp i bomull med lyxiga broderier och vackra spetsdetaljer \u2013 en riktig sommarfavorit \ud83d\udc95<\/p>\n<p>De fina detaljerna ger ett exklusivt och feminint uttryck, medan de justerbara axelbanden g\u00f6r att du enkelt kan anpassa passformen.<\/p>\n<p>Finns i magiska pasteller \u2013 rosa, turkos och s\u00e5klart vitt \u2013 perfekta f\u00e4rger f\u00f6r en fr\u00e4sch och somrig look \u2728<\/p>\n<p>Matcha med barreljeans eller baggy shorts f\u00f6r en avslappnad men trendig outfit \ud83c\udf38<\/p>\n<p>\ud83d\udc49 One size \u2013 passar XS\u2013M b\u00e4st<\/p>","protected":false},"featured_media":574471,"comment_status":"open","ping_status":"closed","template":"","meta":{"_acf_changed":false},"product_brand":[],"product_cat":[1147,1159,1166,1208],"product_tag":[],"class_list":{"0":"post-574478","1":"product","2":"type-product","3":"status-publish","4":"has-post-thumbnail","6":"product_cat-toppar-blusar","7":"product_cat-nyheter","8":"product_cat-shop-the-look","9":"product_cat-shoppafranlive","11":"first","12":"instock","13":"taxable","14":"shipping-taxable","15":"purchasable","16":"product-type-variable"},"acf":[],"gallery_images":[574476,574474,574473,574472,574475,574926],"_links":{"self":[{"href":"https:\/\/loveforever.se\/no\/wp-json\/wp\/v2\/product\/574478","targetHints":{"allow":["GET"]}}],"collection":[{"href":"https:\/\/loveforever.se\/no\/wp-json\/wp\/v2\/product"}],"about":[{"href":"https:\/\/loveforever.se\/no\/wp-json\/wp\/v2\/types\/product"}],"replies":[{"embeddable":true,"href":"https:\/\/loveforever.se\/no\/wp-json\/wp\/v2\/comments?post=574478"}],"wp:featuredmedia":[{"embeddable":true,"href":"https:\/\/loveforever.se\/no\/wp-json\/wp\/v2\/media\/574471"}],"wp:attachment":[{"href":"https:\/\/loveforever.se\/no\/wp-json\/wp\/v2\/media?parent=574478"}],"wp:term":[{"taxonomy":"product_brand","embeddable":true,"href":"https:\/\/loveforever.se\/no\/wp-json\/wp\/v2\/product_brand?post=574478"},{"taxonomy":"product_cat","embeddable":true,"href":"https:\/\/loveforever.se\/no\/wp-json\/wp\/v2\/product_cat?post=574478"},{"taxonomy":"product_tag","embeddable":true,"href":"https:\/\/loveforever.se\/no\/wp-json\/wp\/v2\/product_tag?post=574478"}],"curies":[{"name":"wp","href":"https:\/\/api.w.org\/{rel}","templated":true}]}}