{"id":574511,"date":"2026-04-15T09:30:55","date_gmt":"2026-04-15T07:30:55","guid":{"rendered":"https:\/\/loveforever.se\/?post_type=product&#038;p=574511"},"modified":"2026-05-06T10:50:00","modified_gmt":"2026-05-06T08:50:00","slug":"mickan-virkad-kjol-svart","status":"publish","type":"product","link":"https:\/\/loveforever.se\/no\/produkt\/mickan-virkad-kjol-svart\/","title":{"rendered":"Mickan Virkad Kjol Svart"},"content":{"rendered":"","protected":false},"excerpt":{"rendered":"<p>Underbar crochet kjol i svart i \u00e4kta boho luxe-k\u00e4nsla \ud83d\udda4<\/p>\n<p>Den vackra virkade designen ger ett exklusivt och handgjort uttryck, medan den klockade passformen faller s\u00e5 fint och ger en smickrande siluett.<\/p>\n<p>Kjolen har res\u00e5r i midjan f\u00f6r en bekv\u00e4m passform och \u00e4r fodrad ner \u00f6ver l\u00e5ren, vilket g\u00f6r att den inte \u00e4r genomskinlig framtill eller \u00f6ver rumpan \u2013 perfekt b\u00e5de till vardag och semester \u2728<\/p>\n<p>B\u00e4r den \u00f6ver bikini f\u00f6r en avslappnad strandlook eller styla med t-shirt, linne eller jeansjacka f\u00f6r en mer uppkl\u00e4dd outfit. Matcha med sneakers, sandaler, boots eller klackar beroende p\u00e5 mood \ud83d\udda4<\/p>\n<p>\ud83d\udc49 One size \u2013 passar S\u2013XL<br \/>\n\ud83d\udc49 L\u00e4ngd: 92 cm<\/p>","protected":false},"featured_media":575717,"comment_status":"open","ping_status":"closed","template":"","meta":{"_acf_changed":false},"product_brand":[],"product_cat":[1146,1159,1166],"product_tag":[],"class_list":{"0":"post-574511","1":"product","2":"type-product","3":"status-publish","4":"has-post-thumbnail","6":"product_cat-nederdelar","7":"product_cat-nyheter","8":"product_cat-shop-the-look","10":"first","11":"instock","12":"taxable","13":"shipping-taxable","14":"purchasable","15":"product-type-simple"},"acf":[],"gallery_images":[574508,575718],"_links":{"self":[{"href":"https:\/\/loveforever.se\/no\/wp-json\/wp\/v2\/product\/574511","targetHints":{"allow":["GET"]}}],"collection":[{"href":"https:\/\/loveforever.se\/no\/wp-json\/wp\/v2\/product"}],"about":[{"href":"https:\/\/loveforever.se\/no\/wp-json\/wp\/v2\/types\/product"}],"replies":[{"embeddable":true,"href":"https:\/\/loveforever.se\/no\/wp-json\/wp\/v2\/comments?post=574511"}],"wp:featuredmedia":[{"embeddable":true,"href":"https:\/\/loveforever.se\/no\/wp-json\/wp\/v2\/media\/575717"}],"wp:attachment":[{"href":"https:\/\/loveforever.se\/no\/wp-json\/wp\/v2\/media?parent=574511"}],"wp:term":[{"taxonomy":"product_brand","embeddable":true,"href":"https:\/\/loveforever.se\/no\/wp-json\/wp\/v2\/product_brand?post=574511"},{"taxonomy":"product_cat","embeddable":true,"href":"https:\/\/loveforever.se\/no\/wp-json\/wp\/v2\/product_cat?post=574511"},{"taxonomy":"product_tag","embeddable":true,"href":"https:\/\/loveforever.se\/no\/wp-json\/wp\/v2\/product_tag?post=574511"}],"curies":[{"name":"wp","href":"https:\/\/api.w.org\/{rel}","templated":true}]}}