{"id":574562,"date":"2026-04-15T21:12:48","date_gmt":"2026-04-15T19:12:48","guid":{"rendered":"https:\/\/loveforever.se\/?post_type=product&#038;p=574562"},"modified":"2026-05-05T09:34:10","modified_gmt":"2026-05-05T07:34:10","slug":"patch-bohemisk-kjol-viskos-siden-mix-gron-svart-rosa","status":"publish","type":"product","link":"https:\/\/loveforever.se\/no\/produkt\/patch-bohemisk-kjol-viskos-siden-mix-gron-svart-rosa\/","title":{"rendered":"Patch Bohemisk Kjol &#8211; viskos\/siden-mix, gr\u00f6n, svart, rosa,"},"content":{"rendered":"","protected":false},"excerpt":{"rendered":"<p>Magisk bohemisk kjol i unika patchtyger \u2013 varje plagg \u00e4r ett litet konstverk \u2728<\/p>\n<p>Den h\u00e4r underbara kjolen \u00e4r skapad av vintage saree-tyger fr\u00e5n Indien, vilket g\u00f6r att varje exemplar \u00e4r helt unikt. Du v\u00e4ljer f\u00e4rgskala, men ingen kjol \u00e4r den andra lik \u2013 det \u00e4r just det som ger den d\u00e4r \u00e4kta boho luxe-k\u00e4nslan \ud83c\udf3f<\/p>\n<p>Den mjuka viskos-sidenmixen faller otroligt fint och ger en l\u00e4tt, f\u00f6ljsam k\u00e4nsla. Kjolen har res\u00e5r i midjan samt knyte framtill f\u00f6r en flexibel och smickrande passform.<\/p>\n<p>B\u00e4r den som kjol till linne, blus eller stickat \u2013 eller dra upp den och anv\u00e4nd som kl\u00e4nning f\u00f6r en avslappnad men chic look. Supersnygg \u00e4ven med ett sk\u00e4rp i midjan f\u00f6r att markera siluetten \ud83d\udcab<\/p>\n<p>Perfekt f\u00f6r b\u00e5de vardag, semester och fest \u2013 en riktig statement-piece i din garderob.<\/p>\n<p>\ud83d\udc49 One size \u2013 passar S\u2013XL<br \/>\n\ud83d\udc49 Material: Viskos\/siden-mix<br \/>\n\ud83d\udc49 Unika exemplar \u2013 ingen \u00e4r den andra lik<\/p>","protected":false},"featured_media":574557,"comment_status":"open","ping_status":"closed","template":"","meta":{"_acf_changed":false},"product_brand":[],"product_cat":[1146,1159,1208],"product_tag":[],"class_list":{"0":"post-574562","1":"product","2":"type-product","3":"status-publish","4":"has-post-thumbnail","6":"product_cat-nederdelar","7":"product_cat-nyheter","8":"product_cat-shoppafranlive","10":"first","11":"instock","12":"taxable","13":"shipping-taxable","14":"purchasable","15":"product-type-variable"},"acf":[],"gallery_images":[574561,574559,574558],"_links":{"self":[{"href":"https:\/\/loveforever.se\/no\/wp-json\/wp\/v2\/product\/574562","targetHints":{"allow":["GET"]}}],"collection":[{"href":"https:\/\/loveforever.se\/no\/wp-json\/wp\/v2\/product"}],"about":[{"href":"https:\/\/loveforever.se\/no\/wp-json\/wp\/v2\/types\/product"}],"replies":[{"embeddable":true,"href":"https:\/\/loveforever.se\/no\/wp-json\/wp\/v2\/comments?post=574562"}],"wp:featuredmedia":[{"embeddable":true,"href":"https:\/\/loveforever.se\/no\/wp-json\/wp\/v2\/media\/574557"}],"wp:attachment":[{"href":"https:\/\/loveforever.se\/no\/wp-json\/wp\/v2\/media?parent=574562"}],"wp:term":[{"taxonomy":"product_brand","embeddable":true,"href":"https:\/\/loveforever.se\/no\/wp-json\/wp\/v2\/product_brand?post=574562"},{"taxonomy":"product_cat","embeddable":true,"href":"https:\/\/loveforever.se\/no\/wp-json\/wp\/v2\/product_cat?post=574562"},{"taxonomy":"product_tag","embeddable":true,"href":"https:\/\/loveforever.se\/no\/wp-json\/wp\/v2\/product_tag?post=574562"}],"curies":[{"name":"wp","href":"https:\/\/api.w.org\/{rel}","templated":true}]}}