{"id":574790,"date":"2026-04-20T09:30:38","date_gmt":"2026-04-20T07:30:38","guid":{"rendered":"https:\/\/loveforever.se\/?post_type=product&#038;p=574790"},"modified":"2026-05-07T14:01:16","modified_gmt":"2026-05-07T12:01:16","slug":"boone-barrel-jeans-med-stretch","status":"publish","type":"product","link":"https:\/\/loveforever.se\/no\/produkt\/boone-barrel-jeans-med-stretch\/","title":{"rendered":"Boone Barrel Jeans med stretch"},"content":{"rendered":"","protected":false},"excerpt":{"rendered":"<p>Trendiga barrel jeans i ljus jeanstv\u00e4tt \u2013 s\u00e4songens mest eftertraktade siluett \ud83d\udc99<\/p>\n<p>Dessa stretchiga och supersk\u00f6na barrel jeans (ballongjeans) har en modern passform med avslappnad vidd och l\u00e4tt avsmalnande ben som ger en cool, effortless look. Den ljusa jeanstv\u00e4tten ger en fr\u00e4sch k\u00e4nsla som passar perfekt \u00e5ret runt.<\/p>\n<p>Jeansen \u00e4r lika snygga till sneakers och t-shirt f\u00f6r en casual vardagslook som till klackar, kavaj eller skinnjacka f\u00f6r en mer uppkl\u00e4dd stil \u2728<\/p>\n<p>Den stretchiga kvaliteten g\u00f6r dem extra bekv\u00e4ma och f\u00f6ljsamma \u2013 du kommer vilja b\u00e4ra dem varje dag.<\/p>\n<p>\ud83d\udc49 Normala i storlek<br \/>\n\ud83d\udc49 Stretchiga &#038; bekv\u00e4ma<br \/>\n\ud83d\udc49 Trendig barrel\/ballong-passform<\/p>","protected":false},"featured_media":574789,"comment_status":"open","ping_status":"closed","template":"","meta":{"_acf_changed":false},"product_brand":[],"product_cat":[1225,1145,1146,1159,1208,1222],"product_tag":[],"class_list":{"0":"post-574790","1":"product","2":"type-product","3":"status-publish","4":"has-post-thumbnail","6":"product_cat-baggy-jeans","7":"product_cat-denim","8":"product_cat-nederdelar","9":"product_cat-nyheter","10":"product_cat-shoppafranlive","11":"product_cat-stretch-jeans-dam","13":"first","14":"instock","15":"taxable","16":"shipping-taxable","17":"purchasable","18":"product-type-variable"},"acf":[],"gallery_images":[574788,574787],"_links":{"self":[{"href":"https:\/\/loveforever.se\/no\/wp-json\/wp\/v2\/product\/574790","targetHints":{"allow":["GET"]}}],"collection":[{"href":"https:\/\/loveforever.se\/no\/wp-json\/wp\/v2\/product"}],"about":[{"href":"https:\/\/loveforever.se\/no\/wp-json\/wp\/v2\/types\/product"}],"replies":[{"embeddable":true,"href":"https:\/\/loveforever.se\/no\/wp-json\/wp\/v2\/comments?post=574790"}],"wp:featuredmedia":[{"embeddable":true,"href":"https:\/\/loveforever.se\/no\/wp-json\/wp\/v2\/media\/574789"}],"wp:attachment":[{"href":"https:\/\/loveforever.se\/no\/wp-json\/wp\/v2\/media?parent=574790"}],"wp:term":[{"taxonomy":"product_brand","embeddable":true,"href":"https:\/\/loveforever.se\/no\/wp-json\/wp\/v2\/product_brand?post=574790"},{"taxonomy":"product_cat","embeddable":true,"href":"https:\/\/loveforever.se\/no\/wp-json\/wp\/v2\/product_cat?post=574790"},{"taxonomy":"product_tag","embeddable":true,"href":"https:\/\/loveforever.se\/no\/wp-json\/wp\/v2\/product_tag?post=574790"}],"curies":[{"name":"wp","href":"https:\/\/api.w.org\/{rel}","templated":true}]}}