{"id":574869,"date":"2026-04-21T20:03:36","date_gmt":"2026-04-21T18:03:36","guid":{"rendered":"https:\/\/loveforever.se\/?post_type=product&#038;p=574869"},"modified":"2026-04-23T10:49:48","modified_gmt":"2026-04-23T08:49:48","slug":"beach-tshirt-vit","status":"publish","type":"product","link":"https:\/\/loveforever.se\/no\/produkt\/beach-tshirt-vit\/","title":{"rendered":"Beach Tshirt Vit"},"content":{"rendered":"","protected":false},"excerpt":{"rendered":"<p>Cool t-shirt i bomull med tryck \u2013 avslappnad stil med attityd \u2764\ufe0f<\/p>\n<p>Den h\u00e4r snygga och tuffa t-shirten i 100% bomull med l\u00e4tt stretch \u00e4r en perfekt mix av komfort och stil. De uppvikta \u00e4rmarna ger en extra detalj som lyfter hela looken och skapar en avslappnad, trendig k\u00e4nsla.<\/p>\n<p>Det r\u00f6da trycket \u201cBEACH\u201d framtill p\u00e5 br\u00f6stet ger en cool, somrig vibe med lagom edge \u2013 lika r\u00e4tt i stan som p\u00e5 semester \ud83c\udf34<\/p>\n<p>Den mjuka och f\u00f6ljsamma kvaliteten g\u00f6r den sk\u00f6n att b\u00e4ra hela dagen, och den passar lika bra till jeans, kjol eller shorts beroende p\u00e5 mood.<\/p>\n<p>\ud83d\udc49 One size \u2013 passar XS\u2013L<br \/>\n\ud83d\udc49 Passar upp till ca 112 cm i bystm\u00e5tt<br \/>\n\ud83d\udc49 100% bomull med stretch<br \/>\n\ud83d\udc49 Uppvikta \u00e4rmar &#038; tryck framtill<\/p>","protected":false},"featured_media":574867,"comment_status":"open","ping_status":"closed","template":"","meta":{"_acf_changed":false},"product_brand":[],"product_cat":[1147,1159],"product_tag":[],"class_list":{"0":"post-574869","1":"product","2":"type-product","3":"status-publish","4":"has-post-thumbnail","6":"product_cat-toppar-blusar","7":"product_cat-nyheter","9":"first","10":"instock","11":"taxable","12":"shipping-taxable","13":"purchasable","14":"product-type-simple"},"acf":[],"gallery_images":[574866,574867,574868],"_links":{"self":[{"href":"https:\/\/loveforever.se\/no\/wp-json\/wp\/v2\/product\/574869","targetHints":{"allow":["GET"]}}],"collection":[{"href":"https:\/\/loveforever.se\/no\/wp-json\/wp\/v2\/product"}],"about":[{"href":"https:\/\/loveforever.se\/no\/wp-json\/wp\/v2\/types\/product"}],"replies":[{"embeddable":true,"href":"https:\/\/loveforever.se\/no\/wp-json\/wp\/v2\/comments?post=574869"}],"wp:featuredmedia":[{"embeddable":true,"href":"https:\/\/loveforever.se\/no\/wp-json\/wp\/v2\/media\/574867"}],"wp:attachment":[{"href":"https:\/\/loveforever.se\/no\/wp-json\/wp\/v2\/media?parent=574869"}],"wp:term":[{"taxonomy":"product_brand","embeddable":true,"href":"https:\/\/loveforever.se\/no\/wp-json\/wp\/v2\/product_brand?post=574869"},{"taxonomy":"product_cat","embeddable":true,"href":"https:\/\/loveforever.se\/no\/wp-json\/wp\/v2\/product_cat?post=574869"},{"taxonomy":"product_tag","embeddable":true,"href":"https:\/\/loveforever.se\/no\/wp-json\/wp\/v2\/product_tag?post=574869"}],"curies":[{"name":"wp","href":"https:\/\/api.w.org\/{rel}","templated":true}]}}