{"id":574889,"date":"2026-04-21T21:46:02","date_gmt":"2026-04-21T19:46:02","guid":{"rendered":"https:\/\/loveforever.se\/?post_type=product&#038;p=574889"},"modified":"2026-05-06T18:23:20","modified_gmt":"2026-05-06T16:23:20","slug":"lia-stretchig-jeansvast","status":"publish","type":"product","link":"https:\/\/loveforever.se\/no\/produkt\/lia-stretchig-jeansvast\/","title":{"rendered":"Lia Stretchig Jeansv\u00e4st"},"content":{"rendered":"","protected":false},"excerpt":{"rendered":"<p>Supercool jeansv\u00e4st med stretch \u2013 trendig, stilren och full av vibe \ud83d\udc99<\/p>\n<p>Den h\u00e4r jeansv\u00e4sten \u00e4r en riktig statement-piece som lyfter vilken outfit som helst. Med sin stilrena design och sk\u00f6na stretch sitter den perfekt p\u00e5 kroppen och ger en smickrande, modern siluett.<\/p>\n<p>Den mjuka och f\u00f6ljsamma denimkvaliteten g\u00f6r den otroligt bekv\u00e4m, samtidigt som den ger en edgy och trendig look. B\u00e4r den som den \u00e4r f\u00f6r en clean, cool outfit \u2013 eller matcha med v\u00e5ra Lia bermuda shorts f\u00f6r en komplett set-look \ud83d\udd25<\/p>\n<p>Perfekt att styla med jeans, kjol eller \u00f6ver en kl\u00e4nning f\u00f6r en mer uppkl\u00e4dd vibe.<\/p>\n<p>\ud83d\udc49 Normal i storlek<br \/>\n\ud83d\udc49 Stretchig &#038; bekv\u00e4m passform<br \/>\n\ud83d\udc49 Trendig &#038; stilren design<\/p>\n<p>Modellen har ett bystm\u00e5tt p\u00e5 93 cm och b\u00e4r storlek XS.<\/p>","protected":false},"featured_media":574882,"comment_status":"open","ping_status":"closed","template":"","meta":{"_acf_changed":false},"product_brand":[],"product_cat":[1145,1219,1256,1159,1166],"product_tag":[],"class_list":{"0":"post-574889","1":"product","2":"type-product","3":"status-publish","4":"has-post-thumbnail","6":"product_cat-denim","7":"product_cat-jeansjacka-dam","8":"product_cat-jeans-skjortor","9":"product_cat-nyheter","10":"product_cat-shop-the-look","12":"first","13":"instock","14":"taxable","15":"shipping-taxable","16":"purchasable","17":"product-type-variable"},"acf":[],"gallery_images":[574881,574884,574885,574879,574902,574903],"_links":{"self":[{"href":"https:\/\/loveforever.se\/no\/wp-json\/wp\/v2\/product\/574889","targetHints":{"allow":["GET"]}}],"collection":[{"href":"https:\/\/loveforever.se\/no\/wp-json\/wp\/v2\/product"}],"about":[{"href":"https:\/\/loveforever.se\/no\/wp-json\/wp\/v2\/types\/product"}],"replies":[{"embeddable":true,"href":"https:\/\/loveforever.se\/no\/wp-json\/wp\/v2\/comments?post=574889"}],"wp:featuredmedia":[{"embeddable":true,"href":"https:\/\/loveforever.se\/no\/wp-json\/wp\/v2\/media\/574882"}],"wp:attachment":[{"href":"https:\/\/loveforever.se\/no\/wp-json\/wp\/v2\/media?parent=574889"}],"wp:term":[{"taxonomy":"product_brand","embeddable":true,"href":"https:\/\/loveforever.se\/no\/wp-json\/wp\/v2\/product_brand?post=574889"},{"taxonomy":"product_cat","embeddable":true,"href":"https:\/\/loveforever.se\/no\/wp-json\/wp\/v2\/product_cat?post=574889"},{"taxonomy":"product_tag","embeddable":true,"href":"https:\/\/loveforever.se\/no\/wp-json\/wp\/v2\/product_tag?post=574889"}],"curies":[{"name":"wp","href":"https:\/\/api.w.org\/{rel}","templated":true}]}}