{"id":574895,"date":"2026-04-21T21:47:45","date_gmt":"2026-04-21T19:47:45","guid":{"rendered":"https:\/\/loveforever.se\/?post_type=product&#038;p=574895"},"modified":"2026-05-07T14:01:15","modified_gmt":"2026-05-07T12:01:15","slug":"lia-stretchiga-bermudashorts","status":"publish","type":"product","link":"https:\/\/loveforever.se\/no\/produkt\/lia-stretchiga-bermudashorts\/","title":{"rendered":"Lia Stretch Bermudashorts"},"content":{"rendered":"","protected":false},"excerpt":{"rendered":"<p>Lia bermuda shorts i denim \u2013 stretchiga, sk\u00f6na och helt r\u00e4tt vibe \ud83d\udc99<\/p>\n<p>Dessa Lia bermuda shorts \u00e4r den perfekta mixen av komfort och trend. Den mjuka, superstretchiga denimkvaliteten ger en f\u00f6ljsam passform som sitter snyggt utan att kompromissa med k\u00e4nslan \u2013 du kommer vilja b\u00e4ra dem hela dagen.<\/p>\n<p>Matcha med v\u00e5r Lia jeansv\u00e4st f\u00f6r en komplett och riktigt cool set-look, eller styla med t-shirt, linne eller skjorta f\u00f6r en mer avslappnad outfit. Lika snygga till boots som till sneakers eller sandaler beroende p\u00e5 vibe \u2728<\/p>\n<p>En modern favorit som funkar lika bra till vardag som till mer uppkl\u00e4dda tillf\u00e4llen.<\/p>\n<p>\ud83d\udc49 Normala i storlek<br \/>\n\ud83d\udc49 Superstretchiga &#038; bekv\u00e4ma<br \/>\n\ud83d\udc49 Perfekta att matcha med Lia jeansv\u00e4st<\/p>\n<p>Modellen b\u00e4r storlek XS.<\/p>","protected":false},"featured_media":574881,"comment_status":"open","ping_status":"closed","template":"","meta":{"_acf_changed":false},"product_brand":[],"product_cat":[1225,1145,1220,1146,1159,1166,1222],"product_tag":[],"class_list":{"0":"post-574895","1":"product","2":"type-product","3":"status-publish","4":"has-post-thumbnail","6":"product_cat-baggy-jeans","7":"product_cat-denim","8":"product_cat-jeansshorts-dam","9":"product_cat-nederdelar","10":"product_cat-nyheter","11":"product_cat-shop-the-look","12":"product_cat-stretch-jeans-dam","14":"first","15":"instock","16":"taxable","17":"shipping-taxable","18":"purchasable","19":"product-type-variable"},"acf":[],"gallery_images":[574883,574885,574880,574902],"_links":{"self":[{"href":"https:\/\/loveforever.se\/no\/wp-json\/wp\/v2\/product\/574895","targetHints":{"allow":["GET"]}}],"collection":[{"href":"https:\/\/loveforever.se\/no\/wp-json\/wp\/v2\/product"}],"about":[{"href":"https:\/\/loveforever.se\/no\/wp-json\/wp\/v2\/types\/product"}],"replies":[{"embeddable":true,"href":"https:\/\/loveforever.se\/no\/wp-json\/wp\/v2\/comments?post=574895"}],"wp:featuredmedia":[{"embeddable":true,"href":"https:\/\/loveforever.se\/no\/wp-json\/wp\/v2\/media\/574881"}],"wp:attachment":[{"href":"https:\/\/loveforever.se\/no\/wp-json\/wp\/v2\/media?parent=574895"}],"wp:term":[{"taxonomy":"product_brand","embeddable":true,"href":"https:\/\/loveforever.se\/no\/wp-json\/wp\/v2\/product_brand?post=574895"},{"taxonomy":"product_cat","embeddable":true,"href":"https:\/\/loveforever.se\/no\/wp-json\/wp\/v2\/product_cat?post=574895"},{"taxonomy":"product_tag","embeddable":true,"href":"https:\/\/loveforever.se\/no\/wp-json\/wp\/v2\/product_tag?post=574895"}],"curies":[{"name":"wp","href":"https:\/\/api.w.org\/{rel}","templated":true}]}}