{"id":574915,"date":"2026-04-21T23:48:11","date_gmt":"2026-04-21T21:48:11","guid":{"rendered":"https:\/\/loveforever.se\/?post_type=product&#038;p=574915"},"modified":"2026-04-30T15:05:41","modified_gmt":"2026-04-30T13:05:41","slug":"benson-jeansjacka","status":"publish","type":"product","link":"https:\/\/loveforever.se\/no\/produkt\/benson-jeansjacka\/","title":{"rendered":"Benson Jeansjacka"},"content":{"rendered":"","protected":false},"excerpt":{"rendered":"<p>Jeansjacka med nitar \u2013 trendig 90-talsvibe med attityd \ud83d\udc99\u2728<\/p>\n<p>S\u00e5 cool jeansjacka i ljus tv\u00e4tt med silvernitar som ger en edgy och trendig look. Den l\u00e4tt oversize modellen ger en avslappnad siluett med tydlig 90-talsinspiration \u2013 helt r\u00e4tt just nu.<\/p>\n<p>Jackan \u00e4r gjord i 100% bomull och har en klassisk denimk\u00e4nsla med snygg struktur. Perfekt att b\u00e4ra \u00f6ver kl\u00e4nning, t-shirt eller hoodie f\u00f6r att skapa en look med b\u00e5de attityd och stil.<\/p>\n<p>En riktig statement-piece som lyfter hela outfiten och funkar lika bra till vardag som till fest \ud83d\udd25<\/p>\n<p>\ud83d\udc49 Normal i storlek (oversize passform)<br \/>\n\ud83d\udc49 100% bomull<br \/>\n\ud83d\udc49 Ljus jeanstv\u00e4tt<br \/>\n\ud83d\udc49 Silvernitar som detalj<\/p>","protected":false},"featured_media":575321,"comment_status":"open","ping_status":"closed","template":"","meta":{"_acf_changed":false},"product_brand":[],"product_cat":[1145,1219,1160,1159,1208],"product_tag":[],"class_list":{"0":"post-574915","1":"product","2":"type-product","3":"status-publish","4":"has-post-thumbnail","6":"product_cat-denim","7":"product_cat-jeansjacka-dam","8":"product_cat-jackor-vastar","9":"product_cat-nyheter","10":"product_cat-shoppafranlive","12":"first","13":"instock","14":"taxable","15":"shipping-taxable","16":"purchasable","17":"product-type-variable"},"acf":[],"gallery_images":[575324,575320,575323],"_links":{"self":[{"href":"https:\/\/loveforever.se\/no\/wp-json\/wp\/v2\/product\/574915","targetHints":{"allow":["GET"]}}],"collection":[{"href":"https:\/\/loveforever.se\/no\/wp-json\/wp\/v2\/product"}],"about":[{"href":"https:\/\/loveforever.se\/no\/wp-json\/wp\/v2\/types\/product"}],"replies":[{"embeddable":true,"href":"https:\/\/loveforever.se\/no\/wp-json\/wp\/v2\/comments?post=574915"}],"wp:featuredmedia":[{"embeddable":true,"href":"https:\/\/loveforever.se\/no\/wp-json\/wp\/v2\/media\/575321"}],"wp:attachment":[{"href":"https:\/\/loveforever.se\/no\/wp-json\/wp\/v2\/media?parent=574915"}],"wp:term":[{"taxonomy":"product_brand","embeddable":true,"href":"https:\/\/loveforever.se\/no\/wp-json\/wp\/v2\/product_brand?post=574915"},{"taxonomy":"product_cat","embeddable":true,"href":"https:\/\/loveforever.se\/no\/wp-json\/wp\/v2\/product_cat?post=574915"},{"taxonomy":"product_tag","embeddable":true,"href":"https:\/\/loveforever.se\/no\/wp-json\/wp\/v2\/product_tag?post=574915"}],"curies":[{"name":"wp","href":"https:\/\/api.w.org\/{rel}","templated":true}]}}