{"id":574940,"date":"2026-04-22T11:42:49","date_gmt":"2026-04-22T09:42:49","guid":{"rendered":"https:\/\/loveforever.se\/?post_type=product&#038;p=574940"},"modified":"2026-05-07T13:33:16","modified_gmt":"2026-05-07T11:33:16","slug":"nadine-bomullsklanning-rosa-o-bla","status":"publish","type":"product","link":"https:\/\/loveforever.se\/no\/produkt\/nadine-bomullsklanning-rosa-o-bla\/","title":{"rendered":"Nadine bomullskjole rosa og bl\u00e5"},"content":{"rendered":"","protected":false},"excerpt":{"rendered":"<p>Magisk bohemisk kl\u00e4nning i bomull \u2013 exklusiva detaljer och somrig dr\u00f6m \ud83d\udc95\ud83d\udc99<\/p>\n<p>En helt fantastisk kl\u00e4nning i 100% bomull med ett vackert print i rosa eller bl\u00e5 toner. De fina broderierna och sm\u00e5 speglar i tyget ger en lyxig, handgjord k\u00e4nsla som verkligen sticker ut \u2013 en riktig boho luxe-dr\u00f6m \u2728<\/p>\n<p>De s\u00f6ta puffiga \u00e4rmarna kan b\u00e4ras b\u00e5de off shoulder f\u00f6r en mer romantisk look eller uppe p\u00e5 axlarna f\u00f6r en klassisk siluett. Den luftiga passformen tillsammans med det mjuka bomullstyget g\u00f6r kl\u00e4nningen otroligt sk\u00f6n och perfekt f\u00f6r b\u00e5de varma dagar och semestervibes \ud83c\udf3f<\/p>\n<p>En kl\u00e4nning som funkar lika bra till sandaler som till boots eller klackar \u2013 beroende p\u00e5 hur du vill styla den.<\/p>\n<p>\ud83d\udc49 One size \u2013 passar S\u2013L b\u00e4st<br \/>\n\ud83d\udc49 100% bomull<br \/>\n\ud83d\udc49 Finns i rosa &#038; bl\u00e5tt print<br \/>\n\ud83d\udc49 Puff\u00e4rmar \u2013 b\u00e4r off shoulder eller p\u00e5 axlarna<\/p>\n<p>Modellen \u00e4r 175 cm l\u00e5ng.<\/p>","protected":false},"featured_media":575073,"comment_status":"open","ping_status":"closed","template":"","meta":{"_acf_changed":false},"product_brand":[],"product_cat":[1155,1151,1138,1226,1152,1159,1208],"product_tag":[],"class_list":{"0":"post-574940","1":"product","2":"type-product","3":"status-publish","4":"has-post-thumbnail","6":"product_cat-bohemiska","7":"product_cat-klanningar-dam","8":"product_cat-klanningar-tunikor","9":"product_cat-maxiklanningar","10":"product_cat-monstrade","11":"product_cat-nyheter","12":"product_cat-shoppafranlive","14":"first","15":"instock","16":"taxable","17":"shipping-taxable","18":"purchasable","19":"product-type-variable"},"acf":[],"gallery_images":[574938,574935,574934,574933,574937,574936,574932,575074,575075],"_links":{"self":[{"href":"https:\/\/loveforever.se\/no\/wp-json\/wp\/v2\/product\/574940","targetHints":{"allow":["GET"]}}],"collection":[{"href":"https:\/\/loveforever.se\/no\/wp-json\/wp\/v2\/product"}],"about":[{"href":"https:\/\/loveforever.se\/no\/wp-json\/wp\/v2\/types\/product"}],"replies":[{"embeddable":true,"href":"https:\/\/loveforever.se\/no\/wp-json\/wp\/v2\/comments?post=574940"}],"wp:featuredmedia":[{"embeddable":true,"href":"https:\/\/loveforever.se\/no\/wp-json\/wp\/v2\/media\/575073"}],"wp:attachment":[{"href":"https:\/\/loveforever.se\/no\/wp-json\/wp\/v2\/media?parent=574940"}],"wp:term":[{"taxonomy":"product_brand","embeddable":true,"href":"https:\/\/loveforever.se\/no\/wp-json\/wp\/v2\/product_brand?post=574940"},{"taxonomy":"product_cat","embeddable":true,"href":"https:\/\/loveforever.se\/no\/wp-json\/wp\/v2\/product_cat?post=574940"},{"taxonomy":"product_tag","embeddable":true,"href":"https:\/\/loveforever.se\/no\/wp-json\/wp\/v2\/product_tag?post=574940"}],"curies":[{"name":"wp","href":"https:\/\/api.w.org\/{rel}","templated":true}]}}