{"id":575055,"date":"2026-04-23T21:55:57","date_gmt":"2026-04-23T19:55:57","guid":{"rendered":"https:\/\/loveforever.se\/?post_type=product&#038;p=575055"},"modified":"2026-05-06T16:35:02","modified_gmt":"2026-05-06T14:35:02","slug":"monica-viskosekjole-pudderrosa","status":"publish","type":"product","link":"https:\/\/loveforever.se\/no\/produkt\/monica-viskosklanning-puderrosa\/","title":{"rendered":"Monica Viskoskjole Puderrosa"},"content":{"rendered":"","protected":false},"excerpt":{"rendered":"<p>En helt nydelig bohemsk kjole i 100% viskose med et vakkert puderrosa m\u00f8nster. Kjolen har trekvartslange ermer med fine volanger og en flatterende, luftig passform som beveger seg vakkert n\u00e5r du g\u00e5r. Normal i st\u00f8rrelsen og perfekt til hverdagsbruk, fest eller ferie.<\/p>\n<p>Style med sandaler eller boots for en avslappet look, eller h\u00e6ler og tilbeh\u00f8r for et festlig antrekk.<\/p>\n<p>M\u00e5l:<\/p>\n<p>S\u2013M: armhule til armhule 52 cm<\/p>\n<p>L\u2013XL: armhule til armhule 56 cm<\/p>\n<p>Lengde ca S-M 130cm, L-XL 135cm<\/p>","protected":false},"featured_media":575050,"comment_status":"open","ping_status":"closed","template":"","meta":{"_acf_changed":false},"product_brand":[],"product_cat":[1155,1151,1138,1226,1152,1159],"product_tag":[],"class_list":{"0":"post-575055","1":"product","2":"type-product","3":"status-publish","4":"has-post-thumbnail","6":"product_cat-bohemiska","7":"product_cat-klanningar-dam","8":"product_cat-klanningar-tunikor","9":"product_cat-maxiklanningar","10":"product_cat-monstrade","11":"product_cat-nyheter","13":"first","14":"instock","15":"taxable","16":"shipping-taxable","17":"purchasable","18":"product-type-variable"},"acf":[],"gallery_images":[575053,575054,575052,575051],"_links":{"self":[{"href":"https:\/\/loveforever.se\/no\/wp-json\/wp\/v2\/product\/575055","targetHints":{"allow":["GET"]}}],"collection":[{"href":"https:\/\/loveforever.se\/no\/wp-json\/wp\/v2\/product"}],"about":[{"href":"https:\/\/loveforever.se\/no\/wp-json\/wp\/v2\/types\/product"}],"replies":[{"embeddable":true,"href":"https:\/\/loveforever.se\/no\/wp-json\/wp\/v2\/comments?post=575055"}],"wp:featuredmedia":[{"embeddable":true,"href":"https:\/\/loveforever.se\/no\/wp-json\/wp\/v2\/media\/575050"}],"wp:attachment":[{"href":"https:\/\/loveforever.se\/no\/wp-json\/wp\/v2\/media?parent=575055"}],"wp:term":[{"taxonomy":"product_brand","embeddable":true,"href":"https:\/\/loveforever.se\/no\/wp-json\/wp\/v2\/product_brand?post=575055"},{"taxonomy":"product_cat","embeddable":true,"href":"https:\/\/loveforever.se\/no\/wp-json\/wp\/v2\/product_cat?post=575055"},{"taxonomy":"product_tag","embeddable":true,"href":"https:\/\/loveforever.se\/no\/wp-json\/wp\/v2\/product_tag?post=575055"}],"curies":[{"name":"wp","href":"https:\/\/api.w.org\/{rel}","templated":true}]}}