{"id":575116,"date":"2026-04-25T13:20:21","date_gmt":"2026-04-25T11:20:21","guid":{"rendered":"https:\/\/loveforever.se\/?post_type=product&#038;p=575116"},"modified":"2026-05-06T16:06:06","modified_gmt":"2026-05-06T14:06:06","slug":"fannie-elastisk-armband-mange-farger","status":"publish","type":"product","link":"https:\/\/loveforever.se\/no\/produkt\/fannie-elastiskt-armband-manga-farger\/","title":{"rendered":"Fannie Elastisk Armb\u00e5nd \u2013 mange farger"},"content":{"rendered":"","protected":false},"excerpt":{"rendered":"<p>Fantastiske armb\u00e5nd i nydelige farger \u2013 perfekte for deg som elsker boho luxe med en lekfull vri \u2728<br \/>\nLaget i resin med en fin, blank finish som gir en luksuri\u00f8s f\u00f8lelse og l\u00f8fter hele antrekket ditt.<\/p>\n<p>Armb\u00e5ndene er elastiske, noe som gj\u00f8r dem enkle \u00e5 ta av og p\u00e5 \u2013 like fine \u00e5 bruke ett som flere sammen for en mer maks look.<\/p>\n<p>Boho luxe som passer perfekt til v\u00e5re fargerike kjoler \u2013 en aksesuar som virkelig setter stilen og gir det lille ekstra \ud83d\udc95<\/p>\n<p>Fantastisk kvalitet som holder form og farge, sesong etter sesong.<\/p>\n<p>\ud83d\udc49 Et must for en komplett Love Forever-look.<\/p>","protected":false},"featured_media":575145,"comment_status":"open","ping_status":"closed","template":"","meta":{"_acf_changed":false},"product_brand":[],"product_cat":[1133,1159,1136],"product_tag":[],"class_list":{"0":"post-575116","1":"product","2":"type-product","3":"status-publish","4":"has-post-thumbnail","6":"product_cat-accessoarer","7":"product_cat-nyheter","8":"product_cat-smycken","10":"first","11":"instock","12":"taxable","13":"shipping-taxable","14":"purchasable","15":"product-type-variable"},"acf":[],"gallery_images":[575127,575126,575125,575128,575129,575130,575131],"_links":{"self":[{"href":"https:\/\/loveforever.se\/no\/wp-json\/wp\/v2\/product\/575116","targetHints":{"allow":["GET"]}}],"collection":[{"href":"https:\/\/loveforever.se\/no\/wp-json\/wp\/v2\/product"}],"about":[{"href":"https:\/\/loveforever.se\/no\/wp-json\/wp\/v2\/types\/product"}],"replies":[{"embeddable":true,"href":"https:\/\/loveforever.se\/no\/wp-json\/wp\/v2\/comments?post=575116"}],"wp:featuredmedia":[{"embeddable":true,"href":"https:\/\/loveforever.se\/no\/wp-json\/wp\/v2\/media\/575145"}],"wp:attachment":[{"href":"https:\/\/loveforever.se\/no\/wp-json\/wp\/v2\/media?parent=575116"}],"wp:term":[{"taxonomy":"product_brand","embeddable":true,"href":"https:\/\/loveforever.se\/no\/wp-json\/wp\/v2\/product_brand?post=575116"},{"taxonomy":"product_cat","embeddable":true,"href":"https:\/\/loveforever.se\/no\/wp-json\/wp\/v2\/product_cat?post=575116"},{"taxonomy":"product_tag","embeddable":true,"href":"https:\/\/loveforever.se\/no\/wp-json\/wp\/v2\/product_tag?post=575116"}],"curies":[{"name":"wp","href":"https:\/\/api.w.org\/{rel}","templated":true}]}}