{"id":575265,"date":"2026-04-27T13:39:44","date_gmt":"2026-04-27T11:39:44","guid":{"rendered":"https:\/\/loveforever.se\/?post_type=product&#038;p=575265"},"modified":"2026-05-06T14:18:30","modified_gmt":"2026-05-06T12:18:30","slug":"elin-elastiskt-armband-fyra-farger","status":"publish","type":"product","link":"https:\/\/loveforever.se\/no\/produkt\/elin-elastiskt-armband-fyra-farger\/","title":{"rendered":"Elin Elastiskt Armband, fyra f\u00e4rger"},"content":{"rendered":"","protected":false},"excerpt":{"rendered":"<p>Superfina elastiska armband i underbara pastellf\u00e4rger \u2013 en dr\u00f6m f\u00f6r dig som \u00e4lskar boho luxe med en lekfull twist \u2728<br \/>\nMjuka toner av vit, beige, rosa och bl\u00e5 kombineras med s\u00f6ta stj\u00e4rndetaljer som ger ett unikt och trendigt uttryck.<\/p>\n<p>Armbanden \u00e4r stretchiga, vilket g\u00f6r dem enkla att ta p\u00e5 och av \u2013 perfekta f\u00f6r b\u00e5de vardag och fest. B\u00e4r dem var f\u00f6r sig f\u00f6r en stilren look eller flera tillsammans f\u00f6r en mer maxad, f\u00e4rgstark vibe.<\/p>\n<p>S\u00e5 fina b\u00e5de ensamma och i kombination \u2013 mixa, matcha och skapa din egen personliga stil \ud83d\udc95<\/p>\n<p>\ud83d\udc49 Perfekta till v\u00e5ra f\u00e4rgglada kl\u00e4nningar f\u00f6r en komplett boho chic look.<\/p>","protected":false},"featured_media":575264,"comment_status":"open","ping_status":"closed","template":"","meta":{"_acf_changed":false},"product_brand":[],"product_cat":[1133,1159,1136],"product_tag":[],"class_list":{"0":"post-575265","1":"product","2":"type-product","3":"status-publish","4":"has-post-thumbnail","6":"product_cat-accessoarer","7":"product_cat-nyheter","8":"product_cat-smycken","10":"first","11":"instock","12":"taxable","13":"shipping-taxable","14":"purchasable","15":"product-type-variable"},"acf":[],"gallery_images":[575270,575269,575268,575267,575266],"_links":{"self":[{"href":"https:\/\/loveforever.se\/no\/wp-json\/wp\/v2\/product\/575265","targetHints":{"allow":["GET"]}}],"collection":[{"href":"https:\/\/loveforever.se\/no\/wp-json\/wp\/v2\/product"}],"about":[{"href":"https:\/\/loveforever.se\/no\/wp-json\/wp\/v2\/types\/product"}],"replies":[{"embeddable":true,"href":"https:\/\/loveforever.se\/no\/wp-json\/wp\/v2\/comments?post=575265"}],"wp:featuredmedia":[{"embeddable":true,"href":"https:\/\/loveforever.se\/no\/wp-json\/wp\/v2\/media\/575264"}],"wp:attachment":[{"href":"https:\/\/loveforever.se\/no\/wp-json\/wp\/v2\/media?parent=575265"}],"wp:term":[{"taxonomy":"product_brand","embeddable":true,"href":"https:\/\/loveforever.se\/no\/wp-json\/wp\/v2\/product_brand?post=575265"},{"taxonomy":"product_cat","embeddable":true,"href":"https:\/\/loveforever.se\/no\/wp-json\/wp\/v2\/product_cat?post=575265"},{"taxonomy":"product_tag","embeddable":true,"href":"https:\/\/loveforever.se\/no\/wp-json\/wp\/v2\/product_tag?post=575265"}],"curies":[{"name":"wp","href":"https:\/\/api.w.org\/{rel}","templated":true}]}}