{"id":575338,"date":"2026-04-27T16:40:21","date_gmt":"2026-04-27T14:40:21","guid":{"rendered":"https:\/\/loveforever.se\/?post_type=product&#038;p=575338"},"modified":"2026-05-08T14:01:52","modified_gmt":"2026-05-08T12:01:52","slug":"bardot-rutete-bomullsklaer-blekrosa","status":"publish","type":"product","link":"https:\/\/loveforever.se\/no\/produkt\/bardot-rutig-bomullsklannig-bla-rosa\/","title":{"rendered":"Bardot Rutede Bomulls Kjol\u00e9r bl\u00e5, rosa"},"content":{"rendered":"","protected":false},"excerpt":{"rendered":"<p>En super s\u00f8t kjole med b\u00f8lget kant i 100% kr\u00f8llet bomull \u2013 en sommerfavoritt med b\u00e5de sjarm og stil \u2728<br \/>\nDen luftige, myke bomullen gir en avslappet f\u00f8lelse, samtidig som den bare ryggen med knyte bak skaper en feminin og flatterende silhuett.<\/p>\n<p>Elastikk i midjen fremhever figuren p\u00e5 en komfortabel m\u00e5te, og de praktiske lommene i sidene gj\u00f8r kjolen like funksjonell som stilig.<\/p>\n<p>Style med sneakers for en avslappet look, boots for edge eller sandaler for en mer sommerlig vibe \ud83c\udf38<\/p>\n<p>\u00c9n st\u00f8rrelse som passer opp til:<\/p>\n<p>Byste: ca 108 cm<br \/>\nMidje: ca. 86 cm<\/p>\n<p>En perfekt blanding av boho luxe og uanstrengt chic \u2013 lett \u00e5 b\u00e6re, vanskelig \u00e5 motst\u00e5.<\/p>","protected":false},"featured_media":575336,"comment_status":"open","ping_status":"closed","template":"","meta":{"_acf_changed":false},"product_brand":[],"product_cat":[1155,1151,1138,1154,1152,1159],"product_tag":[],"class_list":{"0":"post-575338","1":"product","2":"type-product","3":"status-publish","4":"has-post-thumbnail","6":"product_cat-bohemiska","7":"product_cat-klanningar-dam","8":"product_cat-klanningar-tunikor","9":"product_cat-langa","10":"product_cat-monstrade","11":"product_cat-nyheter","13":"first","14":"instock","15":"taxable","16":"shipping-taxable","17":"purchasable","18":"product-type-variable"},"acf":[],"gallery_images":[575337],"_links":{"self":[{"href":"https:\/\/loveforever.se\/no\/wp-json\/wp\/v2\/product\/575338","targetHints":{"allow":["GET"]}}],"collection":[{"href":"https:\/\/loveforever.se\/no\/wp-json\/wp\/v2\/product"}],"about":[{"href":"https:\/\/loveforever.se\/no\/wp-json\/wp\/v2\/types\/product"}],"replies":[{"embeddable":true,"href":"https:\/\/loveforever.se\/no\/wp-json\/wp\/v2\/comments?post=575338"}],"wp:featuredmedia":[{"embeddable":true,"href":"https:\/\/loveforever.se\/no\/wp-json\/wp\/v2\/media\/575336"}],"wp:attachment":[{"href":"https:\/\/loveforever.se\/no\/wp-json\/wp\/v2\/media?parent=575338"}],"wp:term":[{"taxonomy":"product_brand","embeddable":true,"href":"https:\/\/loveforever.se\/no\/wp-json\/wp\/v2\/product_brand?post=575338"},{"taxonomy":"product_cat","embeddable":true,"href":"https:\/\/loveforever.se\/no\/wp-json\/wp\/v2\/product_cat?post=575338"},{"taxonomy":"product_tag","embeddable":true,"href":"https:\/\/loveforever.se\/no\/wp-json\/wp\/v2\/product_tag?post=575338"}],"curies":[{"name":"wp","href":"https:\/\/api.w.org\/{rel}","templated":true}]}}