{"id":575480,"date":"2026-04-29T22:23:01","date_gmt":"2026-04-29T20:23:01","guid":{"rendered":"https:\/\/loveforever.se\/?post_type=product&#038;p=575480"},"modified":"2026-05-06T07:40:01","modified_gmt":"2026-05-06T05:40:01","slug":"stretchiga-jeansshorts-med-nitar","status":"publish","type":"product","link":"https:\/\/loveforever.se\/no\/produkt\/stretchiga-jeansshorts-med-nitar\/","title":{"rendered":"Stretchy jeansshorts med nagler"},"content":{"rendered":"","protected":false},"excerpt":{"rendered":"<p>L\u00e4ngre jeansshorts i superstretchig denim \u2013 komfort m\u00f6ter attityd \ud83d\udca5<br \/>\nDen ljusare tv\u00e4tten ger en fr\u00e4sch, somrig k\u00e4nsla medan de coola nitdetaljerna l\u00e4ngs sidorna och fickkanten s\u00e4tter en tydlig rockig edge.<\/p>\n<p>Den mjuka, stretchiga kvaliteten g\u00f6r shortsen otroligt sk\u00f6na att b\u00e4ra hela dagen, samtidigt som den n\u00e5got l\u00e4ngre modellen ger en smickrande och modern silhuett.<\/p>\n<p>Perfekta att styla med topp, blus eller stickat \u2013 lika snygga till sneakers som till boots eller sandaler.<\/p>\n<p>Normala i storlek<br \/>\nModellen b\u00e4r storlek XS<\/p>\n<p>\ud83d\udc49 Ett m\u00e5ste i garderoben \u2013 boho luxe med attityd och perfekt passform.<\/p>","protected":false},"featured_media":575475,"comment_status":"open","ping_status":"closed","template":"","meta":{"_acf_changed":false},"product_brand":[],"product_cat":[1145,1220,1146,1159],"product_tag":[],"class_list":{"0":"post-575480","1":"product","2":"type-product","3":"status-publish","4":"has-post-thumbnail","6":"product_cat-denim","7":"product_cat-jeansshorts-dam","8":"product_cat-nederdelar","9":"product_cat-nyheter","11":"first","12":"instock","13":"taxable","14":"shipping-taxable","15":"purchasable","16":"product-type-variable"},"acf":[],"gallery_images":[575474,575471,575472,575475,575473],"_links":{"self":[{"href":"https:\/\/loveforever.se\/no\/wp-json\/wp\/v2\/product\/575480","targetHints":{"allow":["GET"]}}],"collection":[{"href":"https:\/\/loveforever.se\/no\/wp-json\/wp\/v2\/product"}],"about":[{"href":"https:\/\/loveforever.se\/no\/wp-json\/wp\/v2\/types\/product"}],"replies":[{"embeddable":true,"href":"https:\/\/loveforever.se\/no\/wp-json\/wp\/v2\/comments?post=575480"}],"wp:featuredmedia":[{"embeddable":true,"href":"https:\/\/loveforever.se\/no\/wp-json\/wp\/v2\/media\/575475"}],"wp:attachment":[{"href":"https:\/\/loveforever.se\/no\/wp-json\/wp\/v2\/media?parent=575480"}],"wp:term":[{"taxonomy":"product_brand","embeddable":true,"href":"https:\/\/loveforever.se\/no\/wp-json\/wp\/v2\/product_brand?post=575480"},{"taxonomy":"product_cat","embeddable":true,"href":"https:\/\/loveforever.se\/no\/wp-json\/wp\/v2\/product_cat?post=575480"},{"taxonomy":"product_tag","embeddable":true,"href":"https:\/\/loveforever.se\/no\/wp-json\/wp\/v2\/product_tag?post=575480"}],"curies":[{"name":"wp","href":"https:\/\/api.w.org\/{rel}","templated":true}]}}