{"id":575568,"date":"2026-05-01T23:03:36","date_gmt":"2026-05-01T21:03:36","guid":{"rendered":"https:\/\/loveforever.se\/?post_type=product&#038;p=575568"},"modified":"2026-05-01T23:03:40","modified_gmt":"2026-05-01T21:03:40","slug":"amour-tygvaska-svart-bandana","status":"publish","type":"product","link":"https:\/\/loveforever.se\/no\/produkt\/amour-tygvaska-svart-bandana\/","title":{"rendered":"Amour Veske Svart Bandana"},"content":{"rendered":"","protected":false},"excerpt":{"rendered":"<p>Superfin v\u00e4ska i 100% bomull med trendigt svart bandanaprint och f\u00e4rgstarkt broderat \u201cAmour\u201d \u2013 en perfekt mix av boho luxe och cool attityd \u2728<\/p>\n<p>Den rymliga modellen g\u00f6r den lika anv\u00e4ndbar som snygg \u2013 perfekt som sommarv\u00e4ska, gymv\u00e4ska eller weekendbag. Praktiska detaljer som innerficka och dragkedja h\u00e5ller dina saker p\u00e5 plats, medan b\u00e5de kort axelrem och l\u00e4ngre rem ger flexibilitet i hur du b\u00e4r den.<\/p>\n<p>En statement-v\u00e4ska som lyfter hela din outfit och funkar till allt fr\u00e5n stranddagar till cityh\u00e4ng \ud83c\udf34<\/p>\n<p>M\u00e5tt: ca 40 x 32 x 15 cm<\/p>\n<p>\ud83d\udc49 En must-have f\u00f6r dig som vill ha en v\u00e4ska som b\u00e5de \u00e4r praktisk och sticker ut.<\/p>","protected":false},"featured_media":575560,"comment_status":"open","ping_status":"closed","template":"","meta":{"_acf_changed":false},"product_brand":[],"product_cat":[1133,1159,1149],"product_tag":[],"class_list":{"0":"post-575568","1":"product","2":"type-product","3":"status-publish","4":"has-post-thumbnail","6":"product_cat-accessoarer","7":"product_cat-nyheter","8":"product_cat-vaskor","10":"first","11":"instock","12":"taxable","13":"shipping-taxable","14":"purchasable","15":"product-type-simple"},"acf":[],"gallery_images":[575556,575555],"_links":{"self":[{"href":"https:\/\/loveforever.se\/no\/wp-json\/wp\/v2\/product\/575568","targetHints":{"allow":["GET"]}}],"collection":[{"href":"https:\/\/loveforever.se\/no\/wp-json\/wp\/v2\/product"}],"about":[{"href":"https:\/\/loveforever.se\/no\/wp-json\/wp\/v2\/types\/product"}],"replies":[{"embeddable":true,"href":"https:\/\/loveforever.se\/no\/wp-json\/wp\/v2\/comments?post=575568"}],"wp:featuredmedia":[{"embeddable":true,"href":"https:\/\/loveforever.se\/no\/wp-json\/wp\/v2\/media\/575560"}],"wp:attachment":[{"href":"https:\/\/loveforever.se\/no\/wp-json\/wp\/v2\/media?parent=575568"}],"wp:term":[{"taxonomy":"product_brand","embeddable":true,"href":"https:\/\/loveforever.se\/no\/wp-json\/wp\/v2\/product_brand?post=575568"},{"taxonomy":"product_cat","embeddable":true,"href":"https:\/\/loveforever.se\/no\/wp-json\/wp\/v2\/product_cat?post=575568"},{"taxonomy":"product_tag","embeddable":true,"href":"https:\/\/loveforever.se\/no\/wp-json\/wp\/v2\/product_tag?post=575568"}],"curies":[{"name":"wp","href":"https:\/\/api.w.org\/{rel}","templated":true}]}}