{"id":575570,"date":"2026-05-01T23:07:34","date_gmt":"2026-05-01T21:07:34","guid":{"rendered":"https:\/\/loveforever.se\/?post_type=product&#038;p=575570"},"modified":"2026-05-07T14:26:52","modified_gmt":"2026-05-07T12:26:52","slug":"kjaerlighet-toyveske-rosa-oransje-bandana","status":"publish","type":"product","link":"https:\/\/loveforever.se\/no\/produkt\/amour-tygvaska-rosa-orange-bandana\/","title":{"rendered":"Amour Tote Bag Rosa Oransje Bandana"},"content":{"rendered":"","protected":false},"excerpt":{"rendered":"<p>En superfin veske i 100%-bomull med et fargerikt bandana-m\u00f8nster i cerise og oransje \u2013 et ekte blikkfang som l\u00f8fter ethvert antrekk \u2728<br \/>\nDen lekfulle fargekombinasjonen gir en perfekt blanding av boho luxe og feminin cool.<\/p>\n<p>Den litt nettere modellen gj\u00f8r den perfekt som sommerveske, byveske eller mindre helgeveske. Med innerlomme og glidel\u00e5s holder du enkelt orden p\u00e5 tingene dine, og de praktiske skulderstroppene gj\u00f8r den behagelig \u00e5 b\u00e6re hele dagen.<\/p>\n<p>En fargeeksplosjon som passer like fint til kjole som til jeans og sneakers \ud83c\udf38<\/p>\n<p>M\u00e5l: ca. 35 x 17 x 32 cm<\/p>\n<p>Perfekt for deg som vil skille deg ut med stil \u2013 fargerik, praktisk og uimotst\u00e5elig.<\/p>","protected":false},"featured_media":575559,"comment_status":"open","ping_status":"closed","template":"","meta":{"_acf_changed":false},"product_brand":[],"product_cat":[1133,1159,1149],"product_tag":[],"class_list":{"0":"post-575570","1":"product","2":"type-product","3":"status-publish","4":"has-post-thumbnail","6":"product_cat-accessoarer","7":"product_cat-nyheter","8":"product_cat-vaskor","10":"first","11":"instock","12":"taxable","13":"shipping-taxable","14":"purchasable","15":"product-type-simple"},"acf":[],"gallery_images":[575557,575558],"_links":{"self":[{"href":"https:\/\/loveforever.se\/no\/wp-json\/wp\/v2\/product\/575570","targetHints":{"allow":["GET"]}}],"collection":[{"href":"https:\/\/loveforever.se\/no\/wp-json\/wp\/v2\/product"}],"about":[{"href":"https:\/\/loveforever.se\/no\/wp-json\/wp\/v2\/types\/product"}],"replies":[{"embeddable":true,"href":"https:\/\/loveforever.se\/no\/wp-json\/wp\/v2\/comments?post=575570"}],"wp:featuredmedia":[{"embeddable":true,"href":"https:\/\/loveforever.se\/no\/wp-json\/wp\/v2\/media\/575559"}],"wp:attachment":[{"href":"https:\/\/loveforever.se\/no\/wp-json\/wp\/v2\/media?parent=575570"}],"wp:term":[{"taxonomy":"product_brand","embeddable":true,"href":"https:\/\/loveforever.se\/no\/wp-json\/wp\/v2\/product_brand?post=575570"},{"taxonomy":"product_cat","embeddable":true,"href":"https:\/\/loveforever.se\/no\/wp-json\/wp\/v2\/product_cat?post=575570"},{"taxonomy":"product_tag","embeddable":true,"href":"https:\/\/loveforever.se\/no\/wp-json\/wp\/v2\/product_tag?post=575570"}],"curies":[{"name":"wp","href":"https:\/\/api.w.org\/{rel}","templated":true}]}}