{"id":575576,"date":"2026-05-01T23:35:46","date_gmt":"2026-05-01T21:35:46","guid":{"rendered":"https:\/\/loveforever.se\/?post_type=product&#038;p=575576"},"modified":"2026-05-01T23:40:14","modified_gmt":"2026-05-01T21:40:14","slug":"procence-vaska","status":"publish","type":"product","link":"https:\/\/loveforever.se\/no\/produkt\/procence-vaska\/","title":{"rendered":"Provence Veske"},"content":{"rendered":"","protected":false},"excerpt":{"rendered":"<p>Superfin v\u00e4ska i tyg med elegant provence\/porslinsm\u00f6nster i bl\u00e5tt och kr\u00e4mvit \u2013 tidl\u00f6s, feminin och med en lyxig k\u00e4nsla \u2728<br \/>\nDen klassiska f\u00e4rgkombinationen ger en sofistikerad look som passar lika bra till stranddagar som till city.<\/p>\n<p>Den rymliga modellen g\u00f6r den perfekt som beach bag, gymv\u00e4ska eller weekendbag. V\u00e4skan \u00e4r fodrad, har innerficka f\u00f6r sm\u00e5saker och st\u00e4ngs med dragkedja s\u00e5 att allt ligger s\u00e4kert p\u00e5 plats.<\/p>\n<p>En praktisk men stilfull v\u00e4ska som lyfter varje outfit \u2013 fr\u00e5n sommarkl\u00e4nning till jeans \ud83c\udf0a<\/p>\n<p>M\u00e5tt: ca 38 x 15 x 47 cm<\/p>\n<p>\ud83d\udc49 En perfekt mix av funktion och boho luxe \u2013 en v\u00e4ska du anv\u00e4nder om och om igen.<\/p>","protected":false},"featured_media":575579,"comment_status":"open","ping_status":"closed","template":"","meta":{"_acf_changed":false},"product_brand":[],"product_cat":[1133,1159,1149],"product_tag":[],"class_list":{"0":"post-575576","1":"product","2":"type-product","3":"status-publish","4":"has-post-thumbnail","6":"product_cat-accessoarer","7":"product_cat-nyheter","8":"product_cat-vaskor","10":"first","11":"instock","12":"taxable","13":"shipping-taxable","14":"purchasable","15":"product-type-simple"},"acf":[],"gallery_images":[575571,575572,575573,575574],"_links":{"self":[{"href":"https:\/\/loveforever.se\/no\/wp-json\/wp\/v2\/product\/575576","targetHints":{"allow":["GET"]}}],"collection":[{"href":"https:\/\/loveforever.se\/no\/wp-json\/wp\/v2\/product"}],"about":[{"href":"https:\/\/loveforever.se\/no\/wp-json\/wp\/v2\/types\/product"}],"replies":[{"embeddable":true,"href":"https:\/\/loveforever.se\/no\/wp-json\/wp\/v2\/comments?post=575576"}],"wp:featuredmedia":[{"embeddable":true,"href":"https:\/\/loveforever.se\/no\/wp-json\/wp\/v2\/media\/575579"}],"wp:attachment":[{"href":"https:\/\/loveforever.se\/no\/wp-json\/wp\/v2\/media?parent=575576"}],"wp:term":[{"taxonomy":"product_brand","embeddable":true,"href":"https:\/\/loveforever.se\/no\/wp-json\/wp\/v2\/product_brand?post=575576"},{"taxonomy":"product_cat","embeddable":true,"href":"https:\/\/loveforever.se\/no\/wp-json\/wp\/v2\/product_cat?post=575576"},{"taxonomy":"product_tag","embeddable":true,"href":"https:\/\/loveforever.se\/no\/wp-json\/wp\/v2\/product_tag?post=575576"}],"curies":[{"name":"wp","href":"https:\/\/api.w.org\/{rel}","templated":true}]}}