{"id":575697,"date":"2026-05-05T15:22:42","date_gmt":"2026-05-05T13:22:42","guid":{"rendered":"https:\/\/loveforever.se\/?post_type=product&#038;p=575697"},"modified":"2026-05-05T22:29:47","modified_gmt":"2026-05-05T20:29:47","slug":"billi-bi-lyxiga-loafers-36-41-fynda","status":"publish","type":"product","link":"https:\/\/loveforever.se\/no\/produkt\/billi-bi-lyxiga-loafers-36-41-fynda\/","title":{"rendered":"Billi Bi Lyxiga Loafers &#8211; 36 &#038; 41 &#8211; FYNDA"},"content":{"rendered":"","protected":false},"excerpt":{"rendered":"<p>Handgjorda i supermjukt l\u00e4der, superlyxkvalitet!!! Mjuk sula, elastisk i h\u00e4len f\u00f6r \u00e4nnu mer bekv\u00e4mliget. Normala i storleken. <\/p>","protected":false},"featured_media":575703,"comment_status":"open","ping_status":"closed","template":"","meta":{"_acf_changed":false},"product_brand":[],"product_cat":[1181],"product_tag":[],"class_list":{"0":"post-575697","1":"product","2":"type-product","3":"status-publish","4":"has-post-thumbnail","6":"product_cat-fynda","8":"first","9":"instock","10":"sale","11":"taxable","12":"shipping-taxable","13":"purchasable","14":"product-type-variable"},"acf":[],"gallery_images":[575704],"_links":{"self":[{"href":"https:\/\/loveforever.se\/no\/wp-json\/wp\/v2\/product\/575697","targetHints":{"allow":["GET"]}}],"collection":[{"href":"https:\/\/loveforever.se\/no\/wp-json\/wp\/v2\/product"}],"about":[{"href":"https:\/\/loveforever.se\/no\/wp-json\/wp\/v2\/types\/product"}],"replies":[{"embeddable":true,"href":"https:\/\/loveforever.se\/no\/wp-json\/wp\/v2\/comments?post=575697"}],"wp:featuredmedia":[{"embeddable":true,"href":"https:\/\/loveforever.se\/no\/wp-json\/wp\/v2\/media\/575703"}],"wp:attachment":[{"href":"https:\/\/loveforever.se\/no\/wp-json\/wp\/v2\/media?parent=575697"}],"wp:term":[{"taxonomy":"product_brand","embeddable":true,"href":"https:\/\/loveforever.se\/no\/wp-json\/wp\/v2\/product_brand?post=575697"},{"taxonomy":"product_cat","embeddable":true,"href":"https:\/\/loveforever.se\/no\/wp-json\/wp\/v2\/product_cat?post=575697"},{"taxonomy":"product_tag","embeddable":true,"href":"https:\/\/loveforever.se\/no\/wp-json\/wp\/v2\/product_tag?post=575697"}],"curies":[{"name":"wp","href":"https:\/\/api.w.org\/{rel}","templated":true}]}}