{"id":575721,"date":"2026-05-05T18:45:42","date_gmt":"2026-05-05T16:45:42","guid":{"rendered":"https:\/\/loveforever.se\/?post_type=product&#038;p=575721"},"modified":"2026-05-07T12:35:50","modified_gmt":"2026-05-07T10:35:50","slug":"mickan-heklet-topp-hvit","status":"publish","type":"product","link":"https:\/\/loveforever.se\/no\/produkt\/mickan-virkad-topp-vit\/","title":{"rendered":"Mickan Heklet Top Hvit"},"content":{"rendered":"","protected":false},"excerpt":{"rendered":"<p>Mickan heklet topp i hvitt \u2013 en dr\u00f8mmende boho-favoritt med f\u00f8lelse av sommer og uanstrengt chic \ud83e\udd0d<br \/>\nDet vakkert heklede designet gir et eksklusivt, h\u00e5ndlaget uttrykk som umiddelbart l\u00f8fter antrekket ditt.<\/p>\n<p>Match med Mickan-skj\u00f8rtet for en komplett boho luxe-look \u2013 perfekt for ferie, sommerfester eller varme dager n\u00e5r du vil f\u00f8le deg b\u00e5de avslappet og stilig. Toppen er like fin \u00e5 bruke til jeans eller jeansshorts for en mer avslappet, trendy vibe.<\/p>\n<p>One size som passer S\u2013L og faller fint p\u00e5 kroppen.<\/p>\n<p>\ud83d\udc49 Et n\u00f8kkelplagg for deg som elsker feminin boho med en moderne vri.<\/p>","protected":false},"featured_media":575714,"comment_status":"open","ping_status":"closed","template":"","meta":{"_acf_changed":false},"product_brand":[],"product_cat":[1147,1159,1166,1162],"product_tag":[],"class_list":{"0":"post-575721","1":"product","2":"type-product","3":"status-publish","4":"has-post-thumbnail","6":"product_cat-toppar-blusar","7":"product_cat-nyheter","8":"product_cat-shop-the-look","9":"product_cat-stickat","11":"first","12":"instock","13":"taxable","14":"shipping-taxable","15":"purchasable","16":"product-type-simple"},"acf":[],"gallery_images":[575715,575716],"_links":{"self":[{"href":"https:\/\/loveforever.se\/no\/wp-json\/wp\/v2\/product\/575721","targetHints":{"allow":["GET"]}}],"collection":[{"href":"https:\/\/loveforever.se\/no\/wp-json\/wp\/v2\/product"}],"about":[{"href":"https:\/\/loveforever.se\/no\/wp-json\/wp\/v2\/types\/product"}],"replies":[{"embeddable":true,"href":"https:\/\/loveforever.se\/no\/wp-json\/wp\/v2\/comments?post=575721"}],"wp:featuredmedia":[{"embeddable":true,"href":"https:\/\/loveforever.se\/no\/wp-json\/wp\/v2\/media\/575714"}],"wp:attachment":[{"href":"https:\/\/loveforever.se\/no\/wp-json\/wp\/v2\/media?parent=575721"}],"wp:term":[{"taxonomy":"product_brand","embeddable":true,"href":"https:\/\/loveforever.se\/no\/wp-json\/wp\/v2\/product_brand?post=575721"},{"taxonomy":"product_cat","embeddable":true,"href":"https:\/\/loveforever.se\/no\/wp-json\/wp\/v2\/product_cat?post=575721"},{"taxonomy":"product_tag","embeddable":true,"href":"https:\/\/loveforever.se\/no\/wp-json\/wp\/v2\/product_tag?post=575721"}],"curies":[{"name":"wp","href":"https:\/\/api.w.org\/{rel}","templated":true}]}}