{"id":575751,"date":"2026-05-06T00:12:23","date_gmt":"2026-05-05T22:12:23","guid":{"rendered":"https:\/\/loveforever.se\/?post_type=product&#038;p=575751"},"modified":"2026-05-07T12:53:26","modified_gmt":"2026-05-07T10:53:26","slug":"lily-jumpsuit-bomull-flera-print-och-farger","status":"publish","type":"product","link":"https:\/\/loveforever.se\/no\/produkt\/lily-jumpsuit-bomull-flera-print-och-farger\/","title":{"rendered":"Lily Jumpsuit Bomull \u2013 flere print og farger"},"content":{"rendered":"","protected":false},"excerpt":{"rendered":"<p>Superh\u00e4rlig jumpsuit i 100% bomull \u2013 l\u00e4tt, luftig och helt strykfri tack vare den krinklade kvaliteten \u2728<br \/>\nEtt perfekt sommarplagg som kombinerar komfort och stil p\u00e5 b\u00e4sta s\u00e4tt.<\/p>\n<p>Den f\u00f6ljsamma \u00f6verdelen formar sig fint efter kroppen och ger en smickrande, feminin silhuett. De justerbara axelbanden knyts ovanp\u00e5 axeln och blir en s\u00f6t detalj som du enkelt anpassar efter din egen stil.<\/p>\n<p>Den avslappnade passformen tillsammans med praktiska fickor i sidorna g\u00f6r jumpsuiten lika bekv\u00e4m som anv\u00e4ndbar \u2013 ett plagg du kan b\u00e4ra hela dagen.<\/p>\n<p>Finns i flera fina f\u00e4rger och prints: ljusrosa leo, svart, rosarandig och bl\u00e5randig \u2013 v\u00e4lj din favorit \ud83d\udc95<\/p>\n<p>Normal i storlek<br \/>\nModellen \u00e4r 172 cm och b\u00e4r storlek S\u2013M.<\/p>\n<p>Styla med sneakers f\u00f6r en casual look, sandaler eller flipflops f\u00f6r sommarfeeling \u2013 eller barfota p\u00e5 stranden \u2600\ufe0f<\/p>\n<p>\ud83d\udc49 En enkel men statement piece i \u00e4kta boho luxe-anda.<\/p>","protected":false},"featured_media":575750,"comment_status":"open","ping_status":"closed","template":"","meta":{"_acf_changed":false},"product_brand":[],"product_cat":[1146,1159],"product_tag":[],"class_list":{"0":"post-575751","1":"product","2":"type-product","3":"status-publish","4":"has-post-thumbnail","6":"product_cat-nederdelar","7":"product_cat-nyheter","9":"first","10":"instock","11":"taxable","12":"shipping-taxable","13":"purchasable","14":"product-type-variable"},"acf":[],"gallery_images":[575746,575747,575748,575749,575745],"_links":{"self":[{"href":"https:\/\/loveforever.se\/no\/wp-json\/wp\/v2\/product\/575751","targetHints":{"allow":["GET"]}}],"collection":[{"href":"https:\/\/loveforever.se\/no\/wp-json\/wp\/v2\/product"}],"about":[{"href":"https:\/\/loveforever.se\/no\/wp-json\/wp\/v2\/types\/product"}],"replies":[{"embeddable":true,"href":"https:\/\/loveforever.se\/no\/wp-json\/wp\/v2\/comments?post=575751"}],"wp:featuredmedia":[{"embeddable":true,"href":"https:\/\/loveforever.se\/no\/wp-json\/wp\/v2\/media\/575750"}],"wp:attachment":[{"href":"https:\/\/loveforever.se\/no\/wp-json\/wp\/v2\/media?parent=575751"}],"wp:term":[{"taxonomy":"product_brand","embeddable":true,"href":"https:\/\/loveforever.se\/no\/wp-json\/wp\/v2\/product_brand?post=575751"},{"taxonomy":"product_cat","embeddable":true,"href":"https:\/\/loveforever.se\/no\/wp-json\/wp\/v2\/product_cat?post=575751"},{"taxonomy":"product_tag","embeddable":true,"href":"https:\/\/loveforever.se\/no\/wp-json\/wp\/v2\/product_tag?post=575751"}],"curies":[{"name":"wp","href":"https:\/\/api.w.org\/{rel}","templated":true}]}}