{"id":575866,"date":"2026-05-06T21:04:30","date_gmt":"2026-05-06T19:04:30","guid":{"rendered":"https:\/\/loveforever.se\/?post_type=product&#038;p=575866"},"modified":"2026-05-07T18:16:10","modified_gmt":"2026-05-07T16:16:10","slug":"camille-viskosklanning-flera-farger","status":"publish","type":"product","link":"https:\/\/loveforever.se\/no\/produkt\/camille-viskosklanning-flera-farger\/","title":{"rendered":"Camille Viskosekjole \u2013 flere farger"},"content":{"rendered":"","protected":false},"excerpt":{"rendered":"<p>V\u00e5r b\u00e4sts\u00e4ljande Camille Dress \u00e4r tillbaka \u2013 och nu i TRE storlekar! \ud83d\udc96<br \/>\nEn favorit som ni \u00e4lskat \u2013 nu \u00e4nnu b\u00e4ttre passform \u2728<\/p>\n<p>Tillverkad i mjuk och f\u00f6ljsam viskos som faller fint p\u00e5 kroppen. Kl\u00e4nningen har en smickrande res\u00e5r under bysten som framh\u00e4ver figuren och ger en feminin silhuett.<\/p>\n<p>Den snedskurna slitsen framtill ger en cool, r\u00f6relsefull k\u00e4nsla, medan den virkade spetsdetaljen runt halsringningen tillsammans med knytbanden ger en romantisk boho luxe-touch.<\/p>\n<p>Finns i storlekar:<br \/>\nS\/M, M\/L och L\/XL<\/p>\n<p>F\u00e4rger:<br \/>\nsvart, coral, ljus army och neonrosa<\/p>\n<p>Perfekt att styla med sandaler f\u00f6r en somrig look eller med boots och sneakers f\u00f6r en mer avslappnad, edgy vibe \u2728<\/p>\n<p>\ud83d\udc49 En kl\u00e4nning du alltid k\u00e4nner dig fin i \u2013 och som snabbt blir en favorit i garderoben.<br \/>\nModellen \u00e4r 165cm och har S-M p\u00e5 sig. <\/p>","protected":false},"featured_media":575857,"comment_status":"open","ping_status":"closed","template":"","meta":{"_acf_changed":false},"product_brand":[],"product_cat":[1151,1138,1154,1226,1159],"product_tag":[],"class_list":{"0":"post-575866","1":"product","2":"type-product","3":"status-publish","4":"has-post-thumbnail","6":"product_cat-klanningar-dam","7":"product_cat-klanningar-tunikor","8":"product_cat-langa","9":"product_cat-maxiklanningar","10":"product_cat-nyheter","12":"first","13":"instock","14":"taxable","15":"shipping-taxable","16":"purchasable","17":"product-type-variable"},"acf":[],"gallery_images":[575864,575863,575865,575858,575862,575861,575860,575859],"_links":{"self":[{"href":"https:\/\/loveforever.se\/no\/wp-json\/wp\/v2\/product\/575866","targetHints":{"allow":["GET"]}}],"collection":[{"href":"https:\/\/loveforever.se\/no\/wp-json\/wp\/v2\/product"}],"about":[{"href":"https:\/\/loveforever.se\/no\/wp-json\/wp\/v2\/types\/product"}],"replies":[{"embeddable":true,"href":"https:\/\/loveforever.se\/no\/wp-json\/wp\/v2\/comments?post=575866"}],"wp:featuredmedia":[{"embeddable":true,"href":"https:\/\/loveforever.se\/no\/wp-json\/wp\/v2\/media\/575857"}],"wp:attachment":[{"href":"https:\/\/loveforever.se\/no\/wp-json\/wp\/v2\/media?parent=575866"}],"wp:term":[{"taxonomy":"product_brand","embeddable":true,"href":"https:\/\/loveforever.se\/no\/wp-json\/wp\/v2\/product_brand?post=575866"},{"taxonomy":"product_cat","embeddable":true,"href":"https:\/\/loveforever.se\/no\/wp-json\/wp\/v2\/product_cat?post=575866"},{"taxonomy":"product_tag","embeddable":true,"href":"https:\/\/loveforever.se\/no\/wp-json\/wp\/v2\/product_tag?post=575866"}],"curies":[{"name":"wp","href":"https:\/\/api.w.org\/{rel}","templated":true}]}}