{"id":575972,"date":"2026-05-07T16:24:40","date_gmt":"2026-05-07T14:24:40","guid":{"rendered":"https:\/\/loveforever.se\/?post_type=product&#038;p=575972"},"modified":"2026-05-07T16:24:47","modified_gmt":"2026-05-07T14:24:47","slug":"jackie-klanning-med-blommor-med-underklanning","status":"publish","type":"product","link":"https:\/\/loveforever.se\/no\/produkt\/jackie-klanning-med-blommor-med-underklanning\/","title":{"rendered":"Jackie Kjole med blomster \u2013 med underskj\u00f8rt"},"content":{"rendered":"","protected":false},"excerpt":{"rendered":"<p>Superfin mild rosa kl\u00e4nning med s\u00f6ta blommor \u2013 romantisk, feminin och helt perfekt f\u00f6r sommarens alla tillf\u00e4llen \ud83c\udf38\u2728<\/p>\n<p>Kl\u00e4nningen har ett vackert knyte i halsen som ger en mjuk och elegant look. Den luftiga kvaliteten i 90% bomull och 10% polyester g\u00f6r den sval och sk\u00f6n att b\u00e4ra, medan den medf\u00f6ljande underkl\u00e4nningen i stretchig viskos ger extra komfort och en fin silhuett.<\/p>\n<p>Perfekt f\u00f6r sommarfester, student, br\u00f6llop eller skolavslutning \u2013 en kl\u00e4nning du k\u00e4nner dig b\u00e5de fin och bekv\u00e4m i hela dagen \ud83d\udc95<\/p>\n<p>One size \u2013 passar XS\u2013L b\u00e4st<\/p>\n<p>\ud83d\udc49 En dr\u00f6mmig kl\u00e4nning som snabbt blir en favorit i garderoben.<\/p>","protected":false},"featured_media":575973,"comment_status":"open","ping_status":"closed","template":"","meta":{"_acf_changed":false},"product_brand":[],"product_cat":[1151,1138,1247,1156,1203],"product_tag":[],"class_list":{"0":"post-575972","1":"product","2":"type-product","3":"status-publish","4":"has-post-thumbnail","6":"product_cat-klanningar-dam","7":"product_cat-klanningar-tunikor","8":"product_cat-klanningar-rea","9":"product_cat-korta","10":"product_cat-rea","12":"first","13":"instock","14":"sale","15":"taxable","16":"shipping-taxable","17":"purchasable","18":"product-type-simple"},"acf":[],"gallery_images":[575974],"_links":{"self":[{"href":"https:\/\/loveforever.se\/no\/wp-json\/wp\/v2\/product\/575972","targetHints":{"allow":["GET"]}}],"collection":[{"href":"https:\/\/loveforever.se\/no\/wp-json\/wp\/v2\/product"}],"about":[{"href":"https:\/\/loveforever.se\/no\/wp-json\/wp\/v2\/types\/product"}],"replies":[{"embeddable":true,"href":"https:\/\/loveforever.se\/no\/wp-json\/wp\/v2\/comments?post=575972"}],"wp:featuredmedia":[{"embeddable":true,"href":"https:\/\/loveforever.se\/no\/wp-json\/wp\/v2\/media\/575973"}],"wp:attachment":[{"href":"https:\/\/loveforever.se\/no\/wp-json\/wp\/v2\/media?parent=575972"}],"wp:term":[{"taxonomy":"product_brand","embeddable":true,"href":"https:\/\/loveforever.se\/no\/wp-json\/wp\/v2\/product_brand?post=575972"},{"taxonomy":"product_cat","embeddable":true,"href":"https:\/\/loveforever.se\/no\/wp-json\/wp\/v2\/product_cat?post=575972"},{"taxonomy":"product_tag","embeddable":true,"href":"https:\/\/loveforever.se\/no\/wp-json\/wp\/v2\/product_tag?post=575972"}],"curies":[{"name":"wp","href":"https:\/\/api.w.org\/{rel}","templated":true}]}}