{"id":576046,"date":"2026-05-08T15:26:46","date_gmt":"2026-05-08T13:26:46","guid":{"rendered":"https:\/\/loveforever.se\/?post_type=product&#038;p=576046"},"modified":"2026-05-08T15:29:48","modified_gmt":"2026-05-08T13:29:48","slug":"luksurios-halterneck-bohemsk-kjole-med-vakre-broderier","status":"publish","type":"product","link":"https:\/\/loveforever.se\/no\/produkt\/lyxig-halterneck-bohemisk-klanning-med-vackra-broderier\/","title":{"rendered":"Luksuri\u00f8s Halterneck Boh\u00eamkjole Maxi med vakkert broderi"},"content":{"rendered":"","protected":false},"excerpt":{"rendered":"<p>Luksuri\u00f8s bohemsk kjole med elegant halterneck og vakre broderier med skimrende paljetter over bysten \u2728 Den feminine passformen sammen med strikk i ryggen gj\u00f8r kjolen b\u00e5de flatterende og behagelig. Perfekt for sommerens alle magiske \u00f8yeblikk, fra strandklubb og ros\u00e9-fester til sommergrillkvelder og feriemiddager i solnedgangen \ud83c\udf34<\/p>\n<p>\u00c9n st\u00f8rrelse, passer best for XS-L.<br \/>\nBrystm\u00e5l: ca. 105 cm.<\/p>","protected":false},"featured_media":576048,"comment_status":"open","ping_status":"closed","template":"","meta":{"_acf_changed":false},"product_brand":[],"product_cat":[1155,1151,1138,1226,1152,1159],"product_tag":[],"class_list":{"0":"post-576046","1":"product","2":"type-product","3":"status-publish","4":"has-post-thumbnail","6":"product_cat-bohemiska","7":"product_cat-klanningar-dam","8":"product_cat-klanningar-tunikor","9":"product_cat-maxiklanningar","10":"product_cat-monstrade","11":"product_cat-nyheter","13":"first","14":"instock","15":"sale","16":"taxable","17":"shipping-taxable","18":"purchasable","19":"product-type-variable"},"acf":[],"gallery_images":[576041,576044,576045,576040,576039,576052],"_links":{"self":[{"href":"https:\/\/loveforever.se\/no\/wp-json\/wp\/v2\/product\/576046","targetHints":{"allow":["GET"]}}],"collection":[{"href":"https:\/\/loveforever.se\/no\/wp-json\/wp\/v2\/product"}],"about":[{"href":"https:\/\/loveforever.se\/no\/wp-json\/wp\/v2\/types\/product"}],"replies":[{"embeddable":true,"href":"https:\/\/loveforever.se\/no\/wp-json\/wp\/v2\/comments?post=576046"}],"wp:featuredmedia":[{"embeddable":true,"href":"https:\/\/loveforever.se\/no\/wp-json\/wp\/v2\/media\/576048"}],"wp:attachment":[{"href":"https:\/\/loveforever.se\/no\/wp-json\/wp\/v2\/media?parent=576046"}],"wp:term":[{"taxonomy":"product_brand","embeddable":true,"href":"https:\/\/loveforever.se\/no\/wp-json\/wp\/v2\/product_brand?post=576046"},{"taxonomy":"product_cat","embeddable":true,"href":"https:\/\/loveforever.se\/no\/wp-json\/wp\/v2\/product_cat?post=576046"},{"taxonomy":"product_tag","embeddable":true,"href":"https:\/\/loveforever.se\/no\/wp-json\/wp\/v2\/product_tag?post=576046"}],"curies":[{"name":"wp","href":"https:\/\/api.w.org\/{rel}","templated":true}]}}